{"id":100720,"date":"2025-04-04T09:58:43","date_gmt":"2025-04-04T12:58:43","guid":{"rendered":"https:\/\/fluency.io\/br\/?page_id=100720"},"modified":"2025-04-28T17:55:45","modified_gmt":"2025-04-28T20:55:45","slug":"imprensa","status":"publish","type":"page","link":"https:\/\/homolog.fluency.io\/br\/imprensa\/","title":{"rendered":"Imprensa"},"content":{"rendered":"","protected":false},"excerpt":{"rendered":"","protected":false},"author":6,"featured_media":27831,"parent":0,"menu_order":0,"comment_status":"closed","ping_status":"closed","template":"template-imprensa.php","meta":{"inline_featured_image":false,"footnotes":""},"class_list":["post-100720","page","type-page","status-publish","has-post-thumbnail","hentry"],"acf":[],"yoast_head":"<!-- This site is optimized with the Yoast SEO plugin v27.4 - https:\/\/yoast.com\/product\/yoast-seo-wordpress\/ -->\n<title>Imprensa | Fluency Academy na m\u00eddia e grandes destaques<\/title>\n<meta name=\"description\" content=\"A Fluency Academy tem se destacado na m\u00eddia nacional e internacional com suas inova\u00e7\u00f5es no ensino de idiomas e presen\u00e7a em grandes canais.\" \/>\n<meta name=\"robots\" content=\"noindex, follow, max-snippet:-1, max-image-preview:large, max-video-preview:-1\" \/>\n<meta property=\"og:locale\" content=\"pt_BR\" \/>\n<meta property=\"og:type\" content=\"article\" \/>\n<meta property=\"og:title\" content=\"Imprensa | Fluency Academy na m\u00eddia e grandes destaques\" \/>\n<meta property=\"og:description\" content=\"A Fluency Academy tem se destacado na m\u00eddia nacional e internacional com suas inova\u00e7\u00f5es no ensino de idiomas e presen\u00e7a em grandes canais.\" \/>\n<meta property=\"og:url\" content=\"https:\/\/fluency.io\/br\/imprensa\/\" \/>\n<meta property=\"og:site_name\" content=\"Fluency.io Brasil\" \/>\n<meta property=\"article:modified_time\" content=\"2025-04-28T20:55:45+00:00\" \/>\n<meta name=\"twitter:card\" content=\"summary_large_image\" \/>\n<script type=\"application\/ld+json\" class=\"yoast-schema-graph\">{\"@context\":\"https:\\\/\\\/schema.org\",\"@graph\":[{\"@type\":\"WebPage\",\"@id\":\"https:\\\/\\\/fluency.io\\\/br\\\/imprensa\\\/\",\"url\":\"https:\\\/\\\/fluency.io\\\/br\\\/imprensa\\\/\",\"name\":\"Imprensa | Fluency Academy na m\u00eddia e grandes destaques\",\"isPartOf\":{\"@id\":\"https:\\\/\\\/homolog.fluency.io\\\/br\\\/#website\"},\"primaryImageOfPage\":{\"@id\":\"https:\\\/\\\/fluency.io\\\/br\\\/imprensa\\\/#primaryimage\"},\"image\":{\"@id\":\"https:\\\/\\\/fluency.io\\\/br\\\/imprensa\\\/#primaryimage\"},\"thumbnailUrl\":\"\",\"datePublished\":\"2025-04-04T12:58:43+00:00\",\"dateModified\":\"2025-04-28T20:55:45+00:00\",\"description\":\"A Fluency Academy tem se destacado na m\u00eddia nacional e internacional com suas inova\u00e7\u00f5es no ensino de idiomas e presen\u00e7a em grandes canais.\",\"breadcrumb\":{\"@id\":\"https:\\\/\\\/fluency.io\\\/br\\\/imprensa\\\/#breadcrumb\"},\"inLanguage\":\"pt-BR\",\"potentialAction\":[{\"@type\":\"ReadAction\",\"target\":[\"https:\\\/\\\/fluency.io\\\/br\\\/imprensa\\\/\"]}]},{\"@type\":\"ImageObject\",\"inLanguage\":\"pt-BR\",\"@id\":\"https:\\\/\\\/fluency.io\\\/br\\\/imprensa\\\/#primaryimage\",\"url\":\"\",\"contentUrl\":\"\",\"width\":1027,\"height\":420},{\"@type\":\"BreadcrumbList\",\"@id\":\"https:\\\/\\\/fluency.io\\\/br\\\/imprensa\\\/#breadcrumb\",\"itemListElement\":[{\"@type\":\"ListItem\",\"position\":1,\"name\":\"In\u00edcio\",\"item\":\"https:\\\/\\\/homolog.fluency.io\\\/br\\\/\"},{\"@type\":\"ListItem\",\"position\":2,\"name\":\"Imprensa\"}]},{\"@type\":\"WebSite\",\"@id\":\"https:\\\/\\\/homolog.fluency.io\\\/br\\\/#website\",\"url\":\"https:\\\/\\\/homolog.fluency.io\\\/br\\\/\",\"name\":\"Fluency.io Brasil\",\"description\":\"\",\"potentialAction\":[{\"@type\":\"SearchAction\",\"target\":{\"@type\":\"EntryPoint\",\"urlTemplate\":\"https:\\\/\\\/homolog.fluency.io\\\/br\\\/?s={search_term_string}\"},\"query-input\":{\"@type\":\"PropertyValueSpecification\",\"valueRequired\":true,\"valueName\":\"search_term_string\"}}],\"inLanguage\":\"pt-BR\"}]}<\/script>\n<!-- \/ Yoast SEO plugin. -->","yoast_head_json":{"title":"Imprensa | Fluency Academy na m\u00eddia e grandes destaques","description":"A Fluency Academy tem se destacado na m\u00eddia nacional e internacional com suas inova\u00e7\u00f5es no ensino de idiomas e presen\u00e7a em grandes canais.","robots":{"index":"noindex","follow":"follow","max-snippet":"max-snippet:-1","max-image-preview":"max-image-preview:large","max-video-preview":"max-video-preview:-1"},"og_locale":"pt_BR","og_type":"article","og_title":"Imprensa | Fluency Academy na m\u00eddia e grandes destaques","og_description":"A Fluency Academy tem se destacado na m\u00eddia nacional e internacional com suas inova\u00e7\u00f5es no ensino de idiomas e presen\u00e7a em grandes canais.","og_url":"https:\/\/fluency.io\/br\/imprensa\/","og_site_name":"Fluency.io Brasil","article_modified_time":"2025-04-28T20:55:45+00:00","twitter_card":"summary_large_image","schema":{"@context":"https:\/\/schema.org","@graph":[{"@type":"WebPage","@id":"https:\/\/fluency.io\/br\/imprensa\/","url":"https:\/\/fluency.io\/br\/imprensa\/","name":"Imprensa | Fluency Academy na m\u00eddia e grandes destaques","isPartOf":{"@id":"https:\/\/homolog.fluency.io\/br\/#website"},"primaryImageOfPage":{"@id":"https:\/\/fluency.io\/br\/imprensa\/#primaryimage"},"image":{"@id":"https:\/\/fluency.io\/br\/imprensa\/#primaryimage"},"thumbnailUrl":"","datePublished":"2025-04-04T12:58:43+00:00","dateModified":"2025-04-28T20:55:45+00:00","description":"A Fluency Academy tem se destacado na m\u00eddia nacional e internacional com suas inova\u00e7\u00f5es no ensino de idiomas e presen\u00e7a em grandes canais.","breadcrumb":{"@id":"https:\/\/fluency.io\/br\/imprensa\/#breadcrumb"},"inLanguage":"pt-BR","potentialAction":[{"@type":"ReadAction","target":["https:\/\/fluency.io\/br\/imprensa\/"]}]},{"@type":"ImageObject","inLanguage":"pt-BR","@id":"https:\/\/fluency.io\/br\/imprensa\/#primaryimage","url":"","contentUrl":"","width":1027,"height":420},{"@type":"BreadcrumbList","@id":"https:\/\/fluency.io\/br\/imprensa\/#breadcrumb","itemListElement":[{"@type":"ListItem","position":1,"name":"In\u00edcio","item":"https:\/\/homolog.fluency.io\/br\/"},{"@type":"ListItem","position":2,"name":"Imprensa"}]},{"@type":"WebSite","@id":"https:\/\/homolog.fluency.io\/br\/#website","url":"https:\/\/homolog.fluency.io\/br\/","name":"Fluency.io Brasil","description":"","potentialAction":[{"@type":"SearchAction","target":{"@type":"EntryPoint","urlTemplate":"https:\/\/homolog.fluency.io\/br\/?s={search_term_string}"},"query-input":{"@type":"PropertyValueSpecification","valueRequired":true,"valueName":"search_term_string"}}],"inLanguage":"pt-BR"}]}},"_links":{"self":[{"href":"https:\/\/homolog.fluency.io\/br\/wp-json\/wp\/v2\/pages\/100720","targetHints":{"allow":["GET"]}}],"collection":[{"href":"https:\/\/homolog.fluency.io\/br\/wp-json\/wp\/v2\/pages"}],"about":[{"href":"https:\/\/homolog.fluency.io\/br\/wp-json\/wp\/v2\/types\/page"}],"author":[{"embeddable":true,"href":"https:\/\/homolog.fluency.io\/br\/wp-json\/wp\/v2\/users\/6"}],"replies":[{"embeddable":true,"href":"https:\/\/homolog.fluency.io\/br\/wp-json\/wp\/v2\/comments?post=100720"}],"version-history":[{"count":20,"href":"https:\/\/homolog.fluency.io\/br\/wp-json\/wp\/v2\/pages\/100720\/revisions"}],"predecessor-version":[{"id":101722,"href":"https:\/\/homolog.fluency.io\/br\/wp-json\/wp\/v2\/pages\/100720\/revisions\/101722"}],"wp:featuredmedia":[{"embeddable":true,"href":"https:\/\/homolog.fluency.io\/br\/wp-json\/"}],"wp:attachment":[{"href":"https:\/\/homolog.fluency.io\/br\/wp-json\/wp\/v2\/media?parent=100720"}],"curies":[{"name":"wp","href":"https:\/\/api.w.org\/{rel}","templated":true}]}}