{"id":10339,"date":"2023-11-22T13:56:44","date_gmt":"2023-11-22T13:56:44","guid":{"rendered":"https:\/\/fluency.io\/br\/homepage\/"},"modified":"2026-03-24T09:24:29","modified_gmt":"2026-03-24T12:24:29","slug":"homepage","status":"publish","type":"page","link":"https:\/\/homolog.fluency.io\/br\/","title":{"rendered":"Homepage"},"content":{"rendered":"","protected":false},"excerpt":{"rendered":"","protected":false},"author":6,"featured_media":0,"parent":0,"menu_order":0,"comment_status":"open","ping_status":"open","template":"template-new-home.php","meta":{"inline_featured_image":false,"footnotes":""},"class_list":["post-10339","page","type-page","status-publish","hentry"],"acf":[],"yoast_head":"<!-- This site is optimized with the Yoast SEO plugin v26.6 - https:\/\/yoast.com\/wordpress\/plugins\/seo\/ -->\n<title>Fluency Academy | Escola de Ingl\u00eas<\/title>\n<meta name=\"description\" content=\"A maior escola de ingl\u00eas do mundo: conhe\u00e7a os famosos professores da Fluency Academy. Aprenda um novo idioma de uma forma diferente!\" \/>\n<meta name=\"robots\" content=\"index, follow, max-snippet:-1, max-image-preview:large, max-video-preview:-1\" \/>\n<link rel=\"canonical\" href=\"https:\/\/homolog.fluency.io\/br\/\" \/>\n<meta property=\"og:locale\" content=\"pt_BR\" \/>\n<meta property=\"og:type\" content=\"article\" \/>\n<meta property=\"og:title\" content=\"Fluency Academy | Escola de Ingl\u00eas\" \/>\n<meta property=\"og:description\" content=\"A maior escola de ingl\u00eas do mundo: conhe\u00e7a os famosos professores da Fluency Academy. Aprenda um novo idioma de uma forma diferente!\" \/>\n<meta property=\"og:url\" content=\"https:\/\/homolog.fluency.io\/br\/\" \/>\n<meta property=\"og:site_name\" content=\"Fluency.io Brasil\" \/>\n<meta property=\"article:modified_time\" content=\"2026-03-24T12:24:29+00:00\" \/>\n<meta name=\"twitter:card\" content=\"summary_large_image\" \/>\n<meta name=\"twitter:label1\" content=\"Est. tempo de leitura\" \/>\n\t<meta name=\"twitter:data1\" content=\"4 minutos\" \/>\n<script type=\"application\/ld+json\" class=\"yoast-schema-graph\">{\"@context\":\"https:\/\/schema.org\",\"@graph\":[{\"@type\":\"WebPage\",\"@id\":\"https:\/\/homolog.fluency.io\/br\/\",\"url\":\"https:\/\/homolog.fluency.io\/br\/\",\"name\":\"Fluency Academy | Escola de Ingl\u00eas\",\"isPartOf\":{\"@id\":\"https:\/\/fluency.io\/br\/#website\"},\"datePublished\":\"2023-11-22T13:56:44+00:00\",\"dateModified\":\"2026-03-24T12:24:29+00:00\",\"description\":\"A maior escola de ingl\u00eas do mundo: conhe\u00e7a os famosos professores da Fluency Academy. Aprenda um novo idioma de uma forma diferente!\",\"breadcrumb\":{\"@id\":\"https:\/\/homolog.fluency.io\/br\/#breadcrumb\"},\"inLanguage\":\"pt-BR\",\"potentialAction\":[{\"@type\":\"ReadAction\",\"target\":[\"https:\/\/homolog.fluency.io\/br\/\"]}]},{\"@type\":\"BreadcrumbList\",\"@id\":\"https:\/\/homolog.fluency.io\/br\/#breadcrumb\",\"itemListElement\":[{\"@type\":\"ListItem\",\"position\":1,\"name\":\"In\u00edcio\",\"item\":\"https:\/\/homolog.fluency.io\/br\/\"},{\"@type\":\"ListItem\",\"position\":2,\"name\":\"Homepage\"}]},{\"@type\":\"WebSite\",\"@id\":\"https:\/\/fluency.io\/br\/#website\",\"url\":\"https:\/\/fluency.io\/br\/\",\"name\":\"Fluency.io Brasil\",\"description\":\"\",\"potentialAction\":[{\"@type\":\"SearchAction\",\"target\":{\"@type\":\"EntryPoint\",\"urlTemplate\":\"https:\/\/fluency.io\/br\/?s={search_term_string}\"},\"query-input\":{\"@type\":\"PropertyValueSpecification\",\"valueRequired\":true,\"valueName\":\"search_term_string\"}}],\"inLanguage\":\"pt-BR\"}]}<\/script>\n<!-- \/ Yoast SEO plugin. -->","yoast_head_json":{"title":"Fluency Academy | Escola de Ingl\u00eas","description":"A maior escola de ingl\u00eas do mundo: conhe\u00e7a os famosos professores da Fluency Academy. Aprenda um novo idioma de uma forma diferente!","robots":{"index":"index","follow":"follow","max-snippet":"max-snippet:-1","max-image-preview":"max-image-preview:large","max-video-preview":"max-video-preview:-1"},"canonical":"https:\/\/homolog.fluency.io\/br\/","og_locale":"pt_BR","og_type":"article","og_title":"Fluency Academy | Escola de Ingl\u00eas","og_description":"A maior escola de ingl\u00eas do mundo: conhe\u00e7a os famosos professores da Fluency Academy. Aprenda um novo idioma de uma forma diferente!","og_url":"https:\/\/homolog.fluency.io\/br\/","og_site_name":"Fluency.io Brasil","article_modified_time":"2026-03-24T12:24:29+00:00","twitter_card":"summary_large_image","twitter_misc":{"Est. tempo de leitura":"4 minutos"},"schema":{"@context":"https:\/\/schema.org","@graph":[{"@type":"WebPage","@id":"https:\/\/homolog.fluency.io\/br\/","url":"https:\/\/homolog.fluency.io\/br\/","name":"Fluency Academy | Escola de Ingl\u00eas","isPartOf":{"@id":"https:\/\/fluency.io\/br\/#website"},"datePublished":"2023-11-22T13:56:44+00:00","dateModified":"2026-03-24T12:24:29+00:00","description":"A maior escola de ingl\u00eas do mundo: conhe\u00e7a os famosos professores da Fluency Academy. Aprenda um novo idioma de uma forma diferente!","breadcrumb":{"@id":"https:\/\/homolog.fluency.io\/br\/#breadcrumb"},"inLanguage":"pt-BR","potentialAction":[{"@type":"ReadAction","target":["https:\/\/homolog.fluency.io\/br\/"]}]},{"@type":"BreadcrumbList","@id":"https:\/\/homolog.fluency.io\/br\/#breadcrumb","itemListElement":[{"@type":"ListItem","position":1,"name":"In\u00edcio","item":"https:\/\/homolog.fluency.io\/br\/"},{"@type":"ListItem","position":2,"name":"Homepage"}]},{"@type":"WebSite","@id":"https:\/\/fluency.io\/br\/#website","url":"https:\/\/fluency.io\/br\/","name":"Fluency.io Brasil","description":"","potentialAction":[{"@type":"SearchAction","target":{"@type":"EntryPoint","urlTemplate":"https:\/\/fluency.io\/br\/?s={search_term_string}"},"query-input":{"@type":"PropertyValueSpecification","valueRequired":true,"valueName":"search_term_string"}}],"inLanguage":"pt-BR"}]}},"_links":{"self":[{"href":"https:\/\/homolog.fluency.io\/br\/wp-json\/wp\/v2\/pages\/10339","targetHints":{"allow":["GET"]}}],"collection":[{"href":"https:\/\/homolog.fluency.io\/br\/wp-json\/wp\/v2\/pages"}],"about":[{"href":"https:\/\/homolog.fluency.io\/br\/wp-json\/wp\/v2\/types\/page"}],"author":[{"embeddable":true,"href":"https:\/\/homolog.fluency.io\/br\/wp-json\/wp\/v2\/users\/6"}],"replies":[{"embeddable":true,"href":"https:\/\/homolog.fluency.io\/br\/wp-json\/wp\/v2\/comments?post=10339"}],"version-history":[{"count":80,"href":"https:\/\/homolog.fluency.io\/br\/wp-json\/wp\/v2\/pages\/10339\/revisions"}],"predecessor-version":[{"id":200778,"href":"https:\/\/homolog.fluency.io\/br\/wp-json\/wp\/v2\/pages\/10339\/revisions\/200778"}],"wp:attachment":[{"href":"https:\/\/homolog.fluency.io\/br\/wp-json\/wp\/v2\/media?parent=10339"}],"curies":[{"name":"wp","href":"https:\/\/api.w.org\/{rel}","templated":true}]}}