{"id":113319,"date":"2025-11-14T16:11:30","date_gmt":"2025-11-14T19:11:30","guid":{"rendered":"https:\/\/fluency.io\/br\/?page_id=113319"},"modified":"2025-12-09T13:56:18","modified_gmt":"2025-12-09T16:56:18","slug":"comunidade-de-mentores","status":"publish","type":"page","link":"https:\/\/homolog.fluency.io\/br\/corporate\/skills\/comunidade-de-mentores\/","title":{"rendered":"Comunidade de Mentores"},"content":{"rendered":"\n<style>\n    #block_5ec27194684f45276313cc4bfbc53e32.section-container {\n        margin: 0;\n        padding: 220px 0px 60px 0px;\n        background: #fff;\n    }\n\n    #block_5ec27194684f45276313cc4bfbc53e32.section-container .initial-content * {\n        color: #320361;\n    }\n\n    @media screen and (max-width: 767px) {\n        #block_5ec27194684f45276313cc4bfbc53e32.section-container {\n            padding: 110px 0px 30px 0px;\n        }\n    }\n<\/style>\n\n<section id=\"block_5ec27194684f45276313cc4bfbc53e32\" class=\"section section-container \" data-scroller=\"\">\n    <div class=\"container-sm\">    \n                    <div class=\"initial-content\">\n                <h2>Cres\u00e7a sua lideran\u00e7a ao lado dos melhores do mercado<\/h2>\n<p>Na nossa comunidade, voc\u00ea n\u00e3o apenas encontra mentores, mas parceiros de crescimento que j\u00e1 trilharam os caminhos mais desafiadores do mundo da tecnologia. Tenha acesso a um conhecimento pr\u00e1tico e estruturado que vai acelerar sua carreira e seus neg\u00f3cios.<\/p>\n            <\/div>\n            <\/div>\n\n    \n\n<style>\n    #block_7766db1c87ef9b90c16cff05a2795cb3.section-content-bar {\n        padding: 60px 0;\n        background: #fff;\n    }\n\n\t#block_7766db1c87ef9b90c16cff05a2795cb3.section-content-bar h2,\n\t#block_7766db1c87ef9b90c16cff05a2795cb3.section-content-bar h3,\n\t#block_7766db1c87ef9b90c16cff05a2795cb3.section-content-bar p {\n\t\tcolor: #FFF;\n\t}\n<\/style>\n\n<div id=\"block_7766db1c87ef9b90c16cff05a2795cb3\" class=\"section section-content-bar \" data-scroller=\"\">\n\t<div class=\"container-sm\">\n\t\t<div class=\"section-content-bar--text\">\n\t\t\t\t\t<\/div>\n\t<\/div>\n\t\n\t\t\t<div class=\"section-content-bar--partners\">\n\t\t\t<img decoding=\"async\" width=\"72\" height=\"72\" src=\"https:\/\/homolog.fluency.io\/br\/wp-content\/uploads\/sites\/3\/2025\/11\/logo-sumup.png\" class=\"attachment-full size-full\" alt=\"\" \/><img decoding=\"async\" width=\"63\" height=\"64\" src=\"https:\/\/homolog.fluency.io\/br\/wp-content\/uploads\/sites\/3\/2025\/11\/logo-twiiter.png\" class=\"attachment-full size-full\" alt=\"\" \/><img decoding=\"async\" width=\"71\" height=\"72\" src=\"https:\/\/homolog.fluency.io\/br\/wp-content\/uploads\/sites\/3\/2025\/11\/logo-amazon.png\" class=\"attachment-full size-full\" alt=\"\" \/><img decoding=\"async\" width=\"73\" height=\"72\" src=\"https:\/\/homolog.fluency.io\/br\/wp-content\/uploads\/sites\/3\/2025\/11\/logo-ifood.png\" class=\"attachment-full size-full\" alt=\"\" \/><img decoding=\"async\" width=\"72\" height=\"72\" src=\"https:\/\/homolog.fluency.io\/br\/wp-content\/uploads\/sites\/3\/2025\/11\/logo-picpay.png\" class=\"attachment-full size-full\" alt=\"\" \/><img decoding=\"async\" width=\"72\" height=\"72\" src=\"https:\/\/homolog.fluency.io\/br\/wp-content\/uploads\/sites\/3\/2025\/11\/logo-quinto-andar.png\" class=\"attachment-full size-full\" alt=\"\" \/><img decoding=\"async\" width=\"71\" height=\"72\" src=\"https:\/\/homolog.fluency.io\/br\/wp-content\/uploads\/sites\/3\/2025\/11\/logo-loft.png\" class=\"attachment-full size-full\" alt=\"\" \/><img decoding=\"async\" width=\"73\" height=\"72\" src=\"https:\/\/homolog.fluency.io\/br\/wp-content\/uploads\/sites\/3\/2025\/11\/logo-loggi.png\" class=\"attachment-full size-full\" alt=\"\" \/><img decoding=\"async\" width=\"72\" height=\"72\" src=\"https:\/\/homolog.fluency.io\/br\/wp-content\/uploads\/sites\/3\/2025\/11\/logo-mercado-livre.png\" class=\"attachment-full size-full\" alt=\"\" \/><img decoding=\"async\" width=\"65\" height=\"66\" src=\"https:\/\/homolog.fluency.io\/br\/wp-content\/uploads\/sites\/3\/2025\/11\/logo-nubank.png\" class=\"attachment-full size-full\" alt=\"\" \/><img decoding=\"async\" width=\"74\" height=\"72\" src=\"https:\/\/homolog.fluency.io\/br\/wp-content\/uploads\/sites\/3\/2025\/11\/logo-olx.png\" class=\"attachment-full size-full\" alt=\"\" \/>\t\t<\/div>\n\t\n\t<div class=\"container-sm\">\n\t\t<div class=\"section-content-bar--text\">\n\t\t\t\t\t<\/div>\n\t<\/div>\n<\/div>\n\n\n<div id=\"block_fb605b0b95b3b25652c9eb45b10414ba\" class=\"section section-b2b-carousel \" data-scroller=\"\">\n\n    <div class=\"splide\" data-slide-items=\"4\">\n        <div class=\"splide__track\">\n            <div class=\"splide__list\">\n                                    <div class=\"splide__slide\">\n                        <div class=\"section-b2b-carousel--item\">\n                            <img decoding=\"async\" width=\"238\" height=\"238\" src=\"https:\/\/homolog.fluency.io\/br\/wp-content\/uploads\/sites\/3\/2025\/11\/raquel-cardoso.png\" class=\"attachment-full size-full\" alt=\"\" srcset=\"https:\/\/homolog.fluency.io\/br\/wp-content\/uploads\/sites\/3\/2025\/11\/raquel-cardoso.png 238w, https:\/\/homolog.fluency.io\/br\/wp-content\/uploads\/sites\/3\/2025\/11\/raquel-cardoso-150x150.png 150w, https:\/\/homolog.fluency.io\/br\/wp-content\/uploads\/sites\/3\/2025\/11\/raquel-cardoso-96x96.png 96w\" sizes=\"(max-width: 238px) 100vw, 238px\" \/>                            <p>Raquel Cardoso<\/p>\n                            <small>Product Designer, Grupo Botic\u00e1rio<\/small>\n                        <\/div>    \n                    <\/div>\n                                    <div class=\"splide__slide\">\n                        <div class=\"section-b2b-carousel--item\">\n                            <img decoding=\"async\" width=\"238\" height=\"238\" src=\"https:\/\/homolog.fluency.io\/br\/wp-content\/uploads\/sites\/3\/2025\/11\/johann-a.png\" class=\"attachment-full size-full\" alt=\"\" srcset=\"https:\/\/homolog.fluency.io\/br\/wp-content\/uploads\/sites\/3\/2025\/11\/johann-a.png 238w, https:\/\/homolog.fluency.io\/br\/wp-content\/uploads\/sites\/3\/2025\/11\/johann-a-150x150.png 150w, https:\/\/homolog.fluency.io\/br\/wp-content\/uploads\/sites\/3\/2025\/11\/johann-a-96x96.png 96w\" sizes=\"(max-width: 238px) 100vw, 238px\" \/>                            <p>Johann A.<\/p>\n                            <small>Senior Product Manager, Microsoft<\/small>\n                        <\/div>    \n                    <\/div>\n                                    <div class=\"splide__slide\">\n                        <div class=\"section-b2b-carousel--item\">\n                            <img decoding=\"async\" width=\"238\" height=\"238\" src=\"https:\/\/homolog.fluency.io\/br\/wp-content\/uploads\/sites\/3\/2025\/11\/davi-naves.png\" class=\"attachment-full size-full\" alt=\"\" srcset=\"https:\/\/homolog.fluency.io\/br\/wp-content\/uploads\/sites\/3\/2025\/11\/davi-naves.png 238w, https:\/\/homolog.fluency.io\/br\/wp-content\/uploads\/sites\/3\/2025\/11\/davi-naves-150x150.png 150w, https:\/\/homolog.fluency.io\/br\/wp-content\/uploads\/sites\/3\/2025\/11\/davi-naves-96x96.png 96w\" sizes=\"(max-width: 238px) 100vw, 238px\" \/>                            <p>Davi Naves<\/p>\n                            <small>PMM, Bionexo<\/small>\n                        <\/div>    \n                    <\/div>\n                                    <div class=\"splide__slide\">\n                        <div class=\"section-b2b-carousel--item\">\n                            <img decoding=\"async\" width=\"238\" height=\"238\" src=\"https:\/\/homolog.fluency.io\/br\/wp-content\/uploads\/sites\/3\/2025\/11\/flavio-teixeira.png\" class=\"attachment-full size-full\" alt=\"\" srcset=\"https:\/\/homolog.fluency.io\/br\/wp-content\/uploads\/sites\/3\/2025\/11\/flavio-teixeira.png 238w, https:\/\/homolog.fluency.io\/br\/wp-content\/uploads\/sites\/3\/2025\/11\/flavio-teixeira-150x150.png 150w, https:\/\/homolog.fluency.io\/br\/wp-content\/uploads\/sites\/3\/2025\/11\/flavio-teixeira-96x96.png 96w\" sizes=\"(max-width: 238px) 100vw, 238px\" \/>                            <p>Fl\u00e1vio Teixeira<\/p>\n                            <small>Software Engineer Manager, PicPay<\/small>\n                        <\/div>    \n                    <\/div>\n                                    <div class=\"splide__slide\">\n                        <div class=\"section-b2b-carousel--item\">\n                            <img decoding=\"async\" width=\"238\" height=\"238\" src=\"https:\/\/homolog.fluency.io\/br\/wp-content\/uploads\/sites\/3\/2025\/11\/nayara-namorato.png\" class=\"attachment-full size-full\" alt=\"\" srcset=\"https:\/\/homolog.fluency.io\/br\/wp-content\/uploads\/sites\/3\/2025\/11\/nayara-namorato.png 238w, https:\/\/homolog.fluency.io\/br\/wp-content\/uploads\/sites\/3\/2025\/11\/nayara-namorato-150x150.png 150w, https:\/\/homolog.fluency.io\/br\/wp-content\/uploads\/sites\/3\/2025\/11\/nayara-namorato-96x96.png 96w\" sizes=\"(max-width: 238px) 100vw, 238px\" \/>                            <p>Nayara Namorato<\/p>\n                            <small>Gerente de Design, Hotmart<\/small>\n                        <\/div>    \n                    <\/div>\n                            <\/div>\n        <\/div>\n    <\/div>\n\n<\/div>\n\n\n<div id=\"block_04c4f067e185b2529dd8185058b2126e\" class=\"block-b2b-container--cta container-cta--m-auto\" data-scroller=\"\">\n    <style>\n        #block_04c4f067e185b2529dd8185058b2126e .cta {\n            background: #21BCFF        }\n    <\/style>\n\n    \n        <a href=\"#form-footer\" class=\"cta  cta-scroller\" data-ref=\"#form-footer\">\n            Obter uma demonstra\u00e7\u00e3o\n        <\/a>\n    <\/div>\n\n<\/section>\n\n\n<style>\n    #block_ec3f692771b45ec4dc35969747546ab4.section-container {\n        margin: 0;\n        padding: 120px 0;\n        background: #edeaff;\n    }\n\n    #block_ec3f692771b45ec4dc35969747546ab4.section-container .initial-content * {\n        color: #320361;\n    }\n\n    @media screen and (max-width: 767px) {\n        #block_ec3f692771b45ec4dc35969747546ab4.section-container {\n            padding: 60px 0;\n        }\n    }\n<\/style>\n\n<section id=\"block_ec3f692771b45ec4dc35969747546ab4\" class=\"section section-container \" data-scroller=\"form-footer\">\n    <div class=\"container-sm\">    \n                    <div class=\"initial-content\">\n                <h2>Transforme sua equipe em uma alavanca para o crescimento da empresa<\/h2>\n<p>Descubra como o Fluency Skills ajuda empresas a desenvolverem talentos com foco em resultado.<\/p>\n            <\/div>\n            <\/div>\n\n    \n\n<div id=\"block_05d806cdc7b9fa3b51f3c9c12d03cd99\" class=\"block-form-skills \" data-scroller=\"\">\n    <form action=\"#\" method=\"POST\" novalidate>\n        <input type=\"hidden\" name=\"type-id\" value=\"0128b000001DXG6AAO\">\n        <input type=\"hidden\" name=\"fs-leadsource\" value=\"\">\n        <input type=\"hidden\" name=\"fs-download\" value=\"0\">\n\n        <div class=\"fs-group\">\n            <label for=\"fs-name-block_05d806cdc7b9fa3b51f3c9c12d03cd99\" class=\"sr-only\">Nome completo (Campo obrigat\u00f3rio)<\/label>\n            <input type=\"text\" id=\"fs-name-block_05d806cdc7b9fa3b51f3c9c12d03cd99\" name=\"fs-name\" placeholder=\"Nome completo*\">\n        <\/div>\n\n        <div class=\"fs-group\">\n            <label for=\"fs-email-block_05d806cdc7b9fa3b51f3c9c12d03cd99\" class=\"sr-only\">E-mail (Campo obrigat\u00f3rio)<\/label>\n            <input type=\"email\" id=\"fs-email-block_05d806cdc7b9fa3b51f3c9c12d03cd99\" name=\"fs-email\" placeholder=\"E-mail*\">\n        <\/div>\n\n        <div class=\"fs-group\">\n            <label for=\"fs-phone-number-block_05d806cdc7b9fa3b51f3c9c12d03cd99\" class=\"sr-only\">Telefone (Campo obrigat\u00f3rio)<\/label>\n            <input type=\"tel\" id=\"fs-phone-number-block_05d806cdc7b9fa3b51f3c9c12d03cd99\" name=\"fs-phone-number\" placeholder=\"Telefone*\">\n        <\/div>\n\n        <div class=\"fs-group\">\n            <label for=\"fs-company-block_05d806cdc7b9fa3b51f3c9c12d03cd99\" class=\"sr-only\">Empresa (Campo obrigat\u00f3rio)<\/label>\n            <input type=\"text\" id=\"fs-company-block_05d806cdc7b9fa3b51f3c9c12d03cd99\" name=\"fs-company\" placeholder=\"Empresa*\">\n        <\/div>\n\n        <div class=\"fs-2-groups\">\n            <div class=\"fs-group fs-group-select\">\n                <label for=\"fs-role-block_05d806cdc7b9fa3b51f3c9c12d03cd99\" class=\"sr-only\">Cargo<\/label>\n                <select id=\"fs-role-block_05d806cdc7b9fa3b51f3c9c12d03cd99\" name=\"fs-role\">\n                    <option value=\"\" disabled selected>Cargo<\/option>\n                    <option value=\"Presidente ou CEO\">Presidente ou CEO<\/option>  \n                    <option value=\"Vice-presidente ou C-Level\">Vice-presidente ou C-Level<\/option>\n                    <option value=\"Diretor\">Diretor<\/option>\n                    <option value=\"Gerente\">Gerente<\/option>\n                    <option value=\"Coordenador\">Coordenador<\/option>\n                    <option value=\"Supervisor\">Supervisor<\/option>\n                    <option value=\"Analista\">Analista<\/option>\n                <\/select>\n            <\/div>\n\n            <div class=\"fs-group fs-group-select\">\n                <label for=\"fs-employees-block_05d806cdc7b9fa3b51f3c9c12d03cd99\" class=\"sr-only\">N\u00famero de funcion\u00e1rios<\/label>\n                <select id=\"fs-employees-block_05d806cdc7b9fa3b51f3c9c12d03cd99\" name=\"fs-employees\">\n                    <option value=\"\" disabled selected>N\u00ba de funcion\u00e1rios<\/option>\n                    <option value=\"1-10\">1-10<\/option>\n                    <option value=\"11-50\">11-50<\/option>\n                    <option value=\"51-100\">51-100<\/option>\n                    <option value=\"101-500\">101-500<\/option>\n                    <option value=\"500+\">Mais de 500<\/option>\n                <\/select>\n            <\/div>\n        <\/div>\n\n        <div class=\"fs-group fs-group-select\">\n            <label for=\"fs-revenue-block_05d806cdc7b9fa3b51f3c9c12d03cd99\" class=\"sr-only\">Faixa de faturamento<\/label>\n            <select id=\"fs-revenue-block_05d806cdc7b9fa3b51f3c9c12d03cd99\" name=\"fs-revenue\">\n                <option value=\"\" disabled selected>Faixa de faturamento<\/option>\n                <option value=\"ate-500k\">At\u00e9 R$500 mil<\/option>\n                <option value=\"500k-1m\">R$500 mil &#8211; R$1 milh\u00e3o<\/option>\n                <option value=\"1m-5m\">R$1 milh\u00e3o &#8211; R$5 milh\u00f5es<\/option>\n                <option value=\"5m-10m\">R$5 milh\u00f5es &#8211; R$10 milh\u00f5es<\/option>\n                <option value=\"10m-50m\">De 10 milh\u00f5es a 50 milh\u00f5es ao ano<\/option>\n                <option value=\"50m-500m\">De 50 milh\u00f5es a 500 milh\u00f5es ao ano<\/option>\n                <option value=\"500m+\">Acima de 500 milh\u00f5es ao ano<\/option>\n            <\/select>\n        <\/div>\n\n        <div class=\"fs-terms\"><p>Ao solicitar a proposta, voc\u00ea concorda com os nossos\u00a0<a href=\"https:\/\/fluency.io\/br\/termos\/\" target=\"_blank\" rel=\"noopener\">Termos de Uso<\/a>\u00a0e\u00a0<a href=\"https:\/\/fluency.io\/br\/termos\/\" target=\"_blank\" rel=\"noopener\">Pol\u00edtica de Privacidade<\/a>.<\/p>\n<\/div>\n\n        <button type=\"submit\" class=\"cta\">Enviar<\/button>\n    <\/form>\n<\/div>\n\n<\/section>","protected":false},"excerpt":{"rendered":"","protected":false},"author":9,"featured_media":27888,"parent":86791,"menu_order":0,"comment_status":"closed","ping_status":"closed","template":"template-fluency-skills.php","meta":{"inline_featured_image":false,"footnotes":""},"class_list":["post-113319","page","type-page","status-publish","has-post-thumbnail","hentry"],"acf":[],"yoast_head":"<!-- This site is optimized with the Yoast SEO plugin v26.6 - https:\/\/yoast.com\/wordpress\/plugins\/seo\/ -->\n<title>Comunidade de Mentores - Fluency.io Brasil<\/title>\n<meta name=\"description\" content=\"Programa Python: Aprenda a programar com a linguagem mais popular do mundo. Descubra como come\u00e7ar e se tornar um desenvolvedor de sucesso. (138 characters)\" \/>\n<meta name=\"robots\" content=\"index, follow, max-snippet:-1, max-image-preview:large, max-video-preview:-1\" \/>\n<link rel=\"canonical\" href=\"https:\/\/homolog.fluency.io\/br\/corporate\/skills\/comunidade-de-mentores\/\" \/>\n<meta property=\"og:locale\" content=\"pt_BR\" \/>\n<meta property=\"og:type\" content=\"article\" \/>\n<meta property=\"og:title\" content=\"Comunidade de Mentores - Fluency.io Brasil\" \/>\n<meta property=\"og:description\" content=\"Programa Python: Aprenda a programar com a linguagem mais popular do mundo. Descubra como come\u00e7ar e se tornar um desenvolvedor de sucesso. (138 characters)\" \/>\n<meta property=\"og:url\" content=\"https:\/\/homolog.fluency.io\/br\/corporate\/skills\/comunidade-de-mentores\/\" \/>\n<meta property=\"og:site_name\" content=\"Fluency.io Brasil\" \/>\n<meta property=\"article:modified_time\" content=\"2025-12-09T16:56:18+00:00\" \/>\n<meta name=\"twitter:card\" content=\"summary_large_image\" \/>\n<meta name=\"twitter:label1\" content=\"Est. tempo de leitura\" \/>\n\t<meta name=\"twitter:data1\" content=\"9 minutos\" \/>\n<script type=\"application\/ld+json\" class=\"yoast-schema-graph\">{\"@context\":\"https:\/\/schema.org\",\"@graph\":[{\"@type\":\"WebPage\",\"@id\":\"https:\/\/homolog.fluency.io\/br\/corporate\/skills\/comunidade-de-mentores\/\",\"url\":\"https:\/\/homolog.fluency.io\/br\/corporate\/skills\/comunidade-de-mentores\/\",\"name\":\"Comunidade de Mentores - Fluency.io Brasil\",\"isPartOf\":{\"@id\":\"https:\/\/fluency.io\/br\/#website\"},\"primaryImageOfPage\":{\"@id\":\"https:\/\/homolog.fluency.io\/br\/corporate\/skills\/comunidade-de-mentores\/#primaryimage\"},\"image\":{\"@id\":\"https:\/\/homolog.fluency.io\/br\/corporate\/skills\/comunidade-de-mentores\/#primaryimage\"},\"thumbnailUrl\":\"\",\"datePublished\":\"2025-11-14T19:11:30+00:00\",\"dateModified\":\"2025-12-09T16:56:18+00:00\",\"description\":\"Programa Python: Aprenda a programar com a linguagem mais popular do mundo. Descubra como come\u00e7ar e se tornar um desenvolvedor de sucesso. (138 characters)\",\"breadcrumb\":{\"@id\":\"https:\/\/homolog.fluency.io\/br\/corporate\/skills\/comunidade-de-mentores\/#breadcrumb\"},\"inLanguage\":\"pt-BR\",\"potentialAction\":[{\"@type\":\"ReadAction\",\"target\":[\"https:\/\/homolog.fluency.io\/br\/corporate\/skills\/comunidade-de-mentores\/\"]}]},{\"@type\":\"ImageObject\",\"inLanguage\":\"pt-BR\",\"@id\":\"https:\/\/homolog.fluency.io\/br\/corporate\/skills\/comunidade-de-mentores\/#primaryimage\",\"url\":\"\",\"contentUrl\":\"\",\"width\":1027,\"height\":420},{\"@type\":\"BreadcrumbList\",\"@id\":\"https:\/\/homolog.fluency.io\/br\/corporate\/skills\/comunidade-de-mentores\/#breadcrumb\",\"itemListElement\":[{\"@type\":\"ListItem\",\"position\":1,\"name\":\"In\u00edcio\",\"item\":\"https:\/\/homolog.fluency.io\/br\/\"},{\"@type\":\"ListItem\",\"position\":2,\"name\":\"Business\",\"item\":\"https:\/\/homolog.fluency.io\/br\/corporate\/\"},{\"@type\":\"ListItem\",\"position\":3,\"name\":\"Skills\",\"item\":\"https:\/\/homolog.fluency.io\/br\/corporate\/skills\/\"},{\"@type\":\"ListItem\",\"position\":4,\"name\":\"Comunidade de Mentores\"}]},{\"@type\":\"WebSite\",\"@id\":\"https:\/\/fluency.io\/br\/#website\",\"url\":\"https:\/\/fluency.io\/br\/\",\"name\":\"Fluency.io Brasil\",\"description\":\"\",\"potentialAction\":[{\"@type\":\"SearchAction\",\"target\":{\"@type\":\"EntryPoint\",\"urlTemplate\":\"https:\/\/fluency.io\/br\/?s={search_term_string}\"},\"query-input\":{\"@type\":\"PropertyValueSpecification\",\"valueRequired\":true,\"valueName\":\"search_term_string\"}}],\"inLanguage\":\"pt-BR\"}]}<\/script>\n<!-- \/ Yoast SEO plugin. -->","yoast_head_json":{"title":"Comunidade de Mentores - Fluency.io Brasil","description":"Programa Python: Aprenda a programar com a linguagem mais popular do mundo. Descubra como come\u00e7ar e se tornar um desenvolvedor de sucesso. (138 characters)","robots":{"index":"index","follow":"follow","max-snippet":"max-snippet:-1","max-image-preview":"max-image-preview:large","max-video-preview":"max-video-preview:-1"},"canonical":"https:\/\/homolog.fluency.io\/br\/corporate\/skills\/comunidade-de-mentores\/","og_locale":"pt_BR","og_type":"article","og_title":"Comunidade de Mentores - Fluency.io Brasil","og_description":"Programa Python: Aprenda a programar com a linguagem mais popular do mundo. Descubra como come\u00e7ar e se tornar um desenvolvedor de sucesso. (138 characters)","og_url":"https:\/\/homolog.fluency.io\/br\/corporate\/skills\/comunidade-de-mentores\/","og_site_name":"Fluency.io Brasil","article_modified_time":"2025-12-09T16:56:18+00:00","twitter_card":"summary_large_image","twitter_misc":{"Est. tempo de leitura":"9 minutos"},"schema":{"@context":"https:\/\/schema.org","@graph":[{"@type":"WebPage","@id":"https:\/\/homolog.fluency.io\/br\/corporate\/skills\/comunidade-de-mentores\/","url":"https:\/\/homolog.fluency.io\/br\/corporate\/skills\/comunidade-de-mentores\/","name":"Comunidade de Mentores - Fluency.io Brasil","isPartOf":{"@id":"https:\/\/fluency.io\/br\/#website"},"primaryImageOfPage":{"@id":"https:\/\/homolog.fluency.io\/br\/corporate\/skills\/comunidade-de-mentores\/#primaryimage"},"image":{"@id":"https:\/\/homolog.fluency.io\/br\/corporate\/skills\/comunidade-de-mentores\/#primaryimage"},"thumbnailUrl":"","datePublished":"2025-11-14T19:11:30+00:00","dateModified":"2025-12-09T16:56:18+00:00","description":"Programa Python: Aprenda a programar com a linguagem mais popular do mundo. Descubra como come\u00e7ar e se tornar um desenvolvedor de sucesso. (138 characters)","breadcrumb":{"@id":"https:\/\/homolog.fluency.io\/br\/corporate\/skills\/comunidade-de-mentores\/#breadcrumb"},"inLanguage":"pt-BR","potentialAction":[{"@type":"ReadAction","target":["https:\/\/homolog.fluency.io\/br\/corporate\/skills\/comunidade-de-mentores\/"]}]},{"@type":"ImageObject","inLanguage":"pt-BR","@id":"https:\/\/homolog.fluency.io\/br\/corporate\/skills\/comunidade-de-mentores\/#primaryimage","url":"","contentUrl":"","width":1027,"height":420},{"@type":"BreadcrumbList","@id":"https:\/\/homolog.fluency.io\/br\/corporate\/skills\/comunidade-de-mentores\/#breadcrumb","itemListElement":[{"@type":"ListItem","position":1,"name":"In\u00edcio","item":"https:\/\/homolog.fluency.io\/br\/"},{"@type":"ListItem","position":2,"name":"Business","item":"https:\/\/homolog.fluency.io\/br\/corporate\/"},{"@type":"ListItem","position":3,"name":"Skills","item":"https:\/\/homolog.fluency.io\/br\/corporate\/skills\/"},{"@type":"ListItem","position":4,"name":"Comunidade de Mentores"}]},{"@type":"WebSite","@id":"https:\/\/fluency.io\/br\/#website","url":"https:\/\/fluency.io\/br\/","name":"Fluency.io Brasil","description":"","potentialAction":[{"@type":"SearchAction","target":{"@type":"EntryPoint","urlTemplate":"https:\/\/fluency.io\/br\/?s={search_term_string}"},"query-input":{"@type":"PropertyValueSpecification","valueRequired":true,"valueName":"search_term_string"}}],"inLanguage":"pt-BR"}]}},"_links":{"self":[{"href":"https:\/\/homolog.fluency.io\/br\/wp-json\/wp\/v2\/pages\/113319","targetHints":{"allow":["GET"]}}],"collection":[{"href":"https:\/\/homolog.fluency.io\/br\/wp-json\/wp\/v2\/pages"}],"about":[{"href":"https:\/\/homolog.fluency.io\/br\/wp-json\/wp\/v2\/types\/page"}],"author":[{"embeddable":true,"href":"https:\/\/homolog.fluency.io\/br\/wp-json\/wp\/v2\/users\/9"}],"replies":[{"embeddable":true,"href":"https:\/\/homolog.fluency.io\/br\/wp-json\/wp\/v2\/comments?post=113319"}],"version-history":[{"count":5,"href":"https:\/\/homolog.fluency.io\/br\/wp-json\/wp\/v2\/pages\/113319\/revisions"}],"predecessor-version":[{"id":113342,"href":"https:\/\/homolog.fluency.io\/br\/wp-json\/wp\/v2\/pages\/113319\/revisions\/113342"}],"up":[{"embeddable":true,"href":"https:\/\/homolog.fluency.io\/br\/wp-json\/wp\/v2\/pages\/86791"}],"wp:featuredmedia":[{"embeddable":true,"href":"https:\/\/homolog.fluency.io\/br\/wp-json\/"}],"wp:attachment":[{"href":"https:\/\/homolog.fluency.io\/br\/wp-json\/wp\/v2\/media?parent=113319"}],"curies":[{"name":"wp","href":"https:\/\/api.w.org\/{rel}","templated":true}]}}