{"id":70457,"date":"2024-02-09T13:32:06","date_gmt":"2024-02-09T13:32:06","guid":{"rendered":"https:\/\/fluency.io\/br\/?page_id=70457"},"modified":"2025-12-16T08:56:53","modified_gmt":"2025-12-16T11:56:53","slug":"ingles","status":"publish","type":"page","link":"https:\/\/homolog.fluency.io\/br\/cursos\/ingles\/","title":{"rendered":"Curso de ingl\u00eas"},"content":{"rendered":"","protected":false},"excerpt":{"rendered":"","protected":false},"author":9,"featured_media":27858,"parent":70465,"menu_order":0,"comment_status":"closed","ping_status":"closed","template":"template-cursos-geral.php","meta":{"inline_featured_image":false,"footnotes":""},"class_list":["post-70457","page","type-page","status-publish","has-post-thumbnail","hentry"],"acf":[],"yoast_head":"<!-- This site is optimized with the Yoast SEO plugin v26.6 - https:\/\/yoast.com\/wordpress\/plugins\/seo\/ -->\n<title>Curso de Ingl\u00eas Online r\u00e1pido e pr\u00e1tico | 2025<\/title>\n<meta name=\"description\" content=\"Curso de Ingl\u00eas Online R\u00e1pido e pr\u00e1tico com a Fluency Academy. Aulas online, interativas e acess\u00edveis para todos os n\u00edveis! 2025\" \/>\n<meta name=\"robots\" content=\"index, follow, max-snippet:-1, max-image-preview:large, max-video-preview:-1\" \/>\n<link rel=\"canonical\" href=\"https:\/\/homolog.fluency.io\/br\/cursos\/ingles\/\" \/>\n<meta property=\"og:locale\" content=\"pt_BR\" \/>\n<meta property=\"og:type\" content=\"article\" \/>\n<meta property=\"og:title\" content=\"Curso de Ingl\u00eas Online r\u00e1pido e pr\u00e1tico | 2025\" \/>\n<meta property=\"og:description\" content=\"Curso de Ingl\u00eas Online R\u00e1pido e pr\u00e1tico com a Fluency Academy. Aulas online, interativas e acess\u00edveis para todos os n\u00edveis! 2025\" \/>\n<meta property=\"og:url\" content=\"https:\/\/homolog.fluency.io\/br\/cursos\/ingles\/\" \/>\n<meta property=\"og:site_name\" content=\"Fluency.io Brasil\" \/>\n<meta property=\"article:modified_time\" content=\"2025-12-16T11:56:53+00:00\" \/>\n<meta name=\"twitter:card\" content=\"summary_large_image\" \/>\n<meta name=\"twitter:label1\" content=\"Est. tempo de leitura\" \/>\n\t<meta name=\"twitter:data1\" content=\"17 minutos\" \/>\n<script type=\"application\/ld+json\" class=\"yoast-schema-graph\">{\"@context\":\"https:\/\/schema.org\",\"@graph\":[{\"@type\":\"WebPage\",\"@id\":\"https:\/\/homolog.fluency.io\/br\/cursos\/ingles\/\",\"url\":\"https:\/\/homolog.fluency.io\/br\/cursos\/ingles\/\",\"name\":\"Curso de Ingl\u00eas Online r\u00e1pido e pr\u00e1tico | 2025\",\"isPartOf\":{\"@id\":\"https:\/\/fluency.io\/br\/#website\"},\"primaryImageOfPage\":{\"@id\":\"https:\/\/homolog.fluency.io\/br\/cursos\/ingles\/#primaryimage\"},\"image\":{\"@id\":\"https:\/\/homolog.fluency.io\/br\/cursos\/ingles\/#primaryimage\"},\"thumbnailUrl\":\"\",\"datePublished\":\"2024-02-09T13:32:06+00:00\",\"dateModified\":\"2025-12-16T11:56:53+00:00\",\"description\":\"Curso de Ingl\u00eas Online R\u00e1pido e pr\u00e1tico com a Fluency Academy. Aulas online, interativas e acess\u00edveis para todos os n\u00edveis! 2025\",\"breadcrumb\":{\"@id\":\"https:\/\/homolog.fluency.io\/br\/cursos\/ingles\/#breadcrumb\"},\"inLanguage\":\"pt-BR\",\"potentialAction\":[{\"@type\":\"ReadAction\",\"target\":[\"https:\/\/homolog.fluency.io\/br\/cursos\/ingles\/\"]}]},{\"@type\":\"ImageObject\",\"inLanguage\":\"pt-BR\",\"@id\":\"https:\/\/homolog.fluency.io\/br\/cursos\/ingles\/#primaryimage\",\"url\":\"\",\"contentUrl\":\"\",\"width\":1027,\"height\":420},{\"@type\":\"BreadcrumbList\",\"@id\":\"https:\/\/homolog.fluency.io\/br\/cursos\/ingles\/#breadcrumb\",\"itemListElement\":[{\"@type\":\"ListItem\",\"position\":1,\"name\":\"In\u00edcio\",\"item\":\"https:\/\/homolog.fluency.io\/br\/\"},{\"@type\":\"ListItem\",\"position\":2,\"name\":\"Cursos\",\"item\":\"https:\/\/homolog.fluency.io\/br\/cursos\/\"},{\"@type\":\"ListItem\",\"position\":3,\"name\":\"Curso de ingl\u00eas\"}]},{\"@type\":\"WebSite\",\"@id\":\"https:\/\/fluency.io\/br\/#website\",\"url\":\"https:\/\/fluency.io\/br\/\",\"name\":\"Fluency.io Brasil\",\"description\":\"\",\"potentialAction\":[{\"@type\":\"SearchAction\",\"target\":{\"@type\":\"EntryPoint\",\"urlTemplate\":\"https:\/\/fluency.io\/br\/?s={search_term_string}\"},\"query-input\":{\"@type\":\"PropertyValueSpecification\",\"valueRequired\":true,\"valueName\":\"search_term_string\"}}],\"inLanguage\":\"pt-BR\"}]}<\/script>\n<!-- \/ Yoast SEO plugin. -->","yoast_head_json":{"title":"Curso de Ingl\u00eas Online r\u00e1pido e pr\u00e1tico | 2025","description":"Curso de Ingl\u00eas Online R\u00e1pido e pr\u00e1tico com a Fluency Academy. Aulas online, interativas e acess\u00edveis para todos os n\u00edveis! 2025","robots":{"index":"index","follow":"follow","max-snippet":"max-snippet:-1","max-image-preview":"max-image-preview:large","max-video-preview":"max-video-preview:-1"},"canonical":"https:\/\/homolog.fluency.io\/br\/cursos\/ingles\/","og_locale":"pt_BR","og_type":"article","og_title":"Curso de Ingl\u00eas Online r\u00e1pido e pr\u00e1tico | 2025","og_description":"Curso de Ingl\u00eas Online R\u00e1pido e pr\u00e1tico com a Fluency Academy. Aulas online, interativas e acess\u00edveis para todos os n\u00edveis! 2025","og_url":"https:\/\/homolog.fluency.io\/br\/cursos\/ingles\/","og_site_name":"Fluency.io Brasil","article_modified_time":"2025-12-16T11:56:53+00:00","twitter_card":"summary_large_image","twitter_misc":{"Est. tempo de leitura":"17 minutos"},"schema":{"@context":"https:\/\/schema.org","@graph":[{"@type":"WebPage","@id":"https:\/\/homolog.fluency.io\/br\/cursos\/ingles\/","url":"https:\/\/homolog.fluency.io\/br\/cursos\/ingles\/","name":"Curso de Ingl\u00eas Online r\u00e1pido e pr\u00e1tico | 2025","isPartOf":{"@id":"https:\/\/fluency.io\/br\/#website"},"primaryImageOfPage":{"@id":"https:\/\/homolog.fluency.io\/br\/cursos\/ingles\/#primaryimage"},"image":{"@id":"https:\/\/homolog.fluency.io\/br\/cursos\/ingles\/#primaryimage"},"thumbnailUrl":"","datePublished":"2024-02-09T13:32:06+00:00","dateModified":"2025-12-16T11:56:53+00:00","description":"Curso de Ingl\u00eas Online R\u00e1pido e pr\u00e1tico com a Fluency Academy. Aulas online, interativas e acess\u00edveis para todos os n\u00edveis! 2025","breadcrumb":{"@id":"https:\/\/homolog.fluency.io\/br\/cursos\/ingles\/#breadcrumb"},"inLanguage":"pt-BR","potentialAction":[{"@type":"ReadAction","target":["https:\/\/homolog.fluency.io\/br\/cursos\/ingles\/"]}]},{"@type":"ImageObject","inLanguage":"pt-BR","@id":"https:\/\/homolog.fluency.io\/br\/cursos\/ingles\/#primaryimage","url":"","contentUrl":"","width":1027,"height":420},{"@type":"BreadcrumbList","@id":"https:\/\/homolog.fluency.io\/br\/cursos\/ingles\/#breadcrumb","itemListElement":[{"@type":"ListItem","position":1,"name":"In\u00edcio","item":"https:\/\/homolog.fluency.io\/br\/"},{"@type":"ListItem","position":2,"name":"Cursos","item":"https:\/\/homolog.fluency.io\/br\/cursos\/"},{"@type":"ListItem","position":3,"name":"Curso de ingl\u00eas"}]},{"@type":"WebSite","@id":"https:\/\/fluency.io\/br\/#website","url":"https:\/\/fluency.io\/br\/","name":"Fluency.io Brasil","description":"","potentialAction":[{"@type":"SearchAction","target":{"@type":"EntryPoint","urlTemplate":"https:\/\/fluency.io\/br\/?s={search_term_string}"},"query-input":{"@type":"PropertyValueSpecification","valueRequired":true,"valueName":"search_term_string"}}],"inLanguage":"pt-BR"}]}},"_links":{"self":[{"href":"https:\/\/homolog.fluency.io\/br\/wp-json\/wp\/v2\/pages\/70457","targetHints":{"allow":["GET"]}}],"collection":[{"href":"https:\/\/homolog.fluency.io\/br\/wp-json\/wp\/v2\/pages"}],"about":[{"href":"https:\/\/homolog.fluency.io\/br\/wp-json\/wp\/v2\/types\/page"}],"author":[{"embeddable":true,"href":"https:\/\/homolog.fluency.io\/br\/wp-json\/wp\/v2\/users\/9"}],"replies":[{"embeddable":true,"href":"https:\/\/homolog.fluency.io\/br\/wp-json\/wp\/v2\/comments?post=70457"}],"version-history":[{"count":63,"href":"https:\/\/homolog.fluency.io\/br\/wp-json\/wp\/v2\/pages\/70457\/revisions"}],"predecessor-version":[{"id":200510,"href":"https:\/\/homolog.fluency.io\/br\/wp-json\/wp\/v2\/pages\/70457\/revisions\/200510"}],"up":[{"embeddable":true,"href":"https:\/\/homolog.fluency.io\/br\/wp-json\/wp\/v2\/pages\/70465"}],"wp:featuredmedia":[{"embeddable":true,"href":"https:\/\/homolog.fluency.io\/br\/wp-json\/"}],"wp:attachment":[{"href":"https:\/\/homolog.fluency.io\/br\/wp-json\/wp\/v2\/media?parent=70457"}],"curies":[{"name":"wp","href":"https:\/\/api.w.org\/{rel}","templated":true}]}}