{"id":73434,"date":"2024-04-19T05:47:03","date_gmt":"2024-04-19T05:47:03","guid":{"rendered":"https:\/\/fluency.io\/br\/?page_id=73434"},"modified":"2025-12-15T17:57:38","modified_gmt":"2025-12-15T20:57:38","slug":"frances","status":"publish","type":"page","link":"https:\/\/homolog.fluency.io\/br\/cursos\/frances\/","title":{"rendered":"Curso de Franc\u00eas"},"content":{"rendered":"","protected":false},"excerpt":{"rendered":"","protected":false},"author":9,"featured_media":27542,"parent":70465,"menu_order":0,"comment_status":"closed","ping_status":"closed","template":"template-cursos-geral.php","meta":{"inline_featured_image":false,"footnotes":""},"class_list":["post-73434","page","type-page","status-publish","has-post-thumbnail","hentry"],"acf":[],"yoast_head":"<!-- This site is optimized with the Yoast SEO plugin v26.6 - https:\/\/yoast.com\/wordpress\/plugins\/seo\/ -->\n<title>Curso de Franc\u00eas Online: B\u00e1sico ao Avan\u00e7ado com Certificado<\/title>\n<meta name=\"description\" content=\"Curso de Franc\u00eas Online da Fluency, a Maior Escola de Idiomas da Am\u00e9rica Latina. Conhe\u00e7a os Professores, Emenda, Aulas e muito mais!\" \/>\n<meta name=\"robots\" content=\"index, follow, max-snippet:-1, max-image-preview:large, max-video-preview:-1\" \/>\n<link rel=\"canonical\" href=\"https:\/\/homolog.fluency.io\/br\/cursos\/frances\/\" \/>\n<meta property=\"og:locale\" content=\"pt_BR\" \/>\n<meta property=\"og:type\" content=\"article\" \/>\n<meta property=\"og:title\" content=\"Curso de Franc\u00eas Online: B\u00e1sico ao Avan\u00e7ado com Certificado\" \/>\n<meta property=\"og:description\" content=\"Curso de Franc\u00eas Online da Fluency, a Maior Escola de Idiomas da Am\u00e9rica Latina. Conhe\u00e7a os Professores, Emenda, Aulas e muito mais!\" \/>\n<meta property=\"og:url\" content=\"https:\/\/homolog.fluency.io\/br\/cursos\/frances\/\" \/>\n<meta property=\"og:site_name\" content=\"Fluency.io Brasil\" \/>\n<meta property=\"article:modified_time\" content=\"2025-12-15T20:57:38+00:00\" \/>\n<meta name=\"twitter:card\" content=\"summary_large_image\" \/>\n<meta name=\"twitter:label1\" content=\"Est. tempo de leitura\" \/>\n\t<meta name=\"twitter:data1\" content=\"9 minutos\" \/>\n<script type=\"application\/ld+json\" class=\"yoast-schema-graph\">{\"@context\":\"https:\/\/schema.org\",\"@graph\":[{\"@type\":\"WebPage\",\"@id\":\"https:\/\/homolog.fluency.io\/br\/cursos\/frances\/\",\"url\":\"https:\/\/homolog.fluency.io\/br\/cursos\/frances\/\",\"name\":\"Curso de Franc\u00eas Online: B\u00e1sico ao Avan\u00e7ado com Certificado\",\"isPartOf\":{\"@id\":\"https:\/\/fluency.io\/br\/#website\"},\"primaryImageOfPage\":{\"@id\":\"https:\/\/homolog.fluency.io\/br\/cursos\/frances\/#primaryimage\"},\"image\":{\"@id\":\"https:\/\/homolog.fluency.io\/br\/cursos\/frances\/#primaryimage\"},\"thumbnailUrl\":\"\",\"datePublished\":\"2024-04-19T05:47:03+00:00\",\"dateModified\":\"2025-12-15T20:57:38+00:00\",\"description\":\"Curso de Franc\u00eas Online da Fluency, a Maior Escola de Idiomas da Am\u00e9rica Latina. Conhe\u00e7a os Professores, Emenda, Aulas e muito mais!\",\"breadcrumb\":{\"@id\":\"https:\/\/homolog.fluency.io\/br\/cursos\/frances\/#breadcrumb\"},\"inLanguage\":\"pt-BR\",\"potentialAction\":[{\"@type\":\"ReadAction\",\"target\":[\"https:\/\/homolog.fluency.io\/br\/cursos\/frances\/\"]}]},{\"@type\":\"ImageObject\",\"inLanguage\":\"pt-BR\",\"@id\":\"https:\/\/homolog.fluency.io\/br\/cursos\/frances\/#primaryimage\",\"url\":\"\",\"contentUrl\":\"\",\"width\":1027,\"height\":420},{\"@type\":\"BreadcrumbList\",\"@id\":\"https:\/\/homolog.fluency.io\/br\/cursos\/frances\/#breadcrumb\",\"itemListElement\":[{\"@type\":\"ListItem\",\"position\":1,\"name\":\"In\u00edcio\",\"item\":\"https:\/\/homolog.fluency.io\/br\/\"},{\"@type\":\"ListItem\",\"position\":2,\"name\":\"Cursos\",\"item\":\"https:\/\/homolog.fluency.io\/br\/cursos\/\"},{\"@type\":\"ListItem\",\"position\":3,\"name\":\"Curso de Franc\u00eas\"}]},{\"@type\":\"WebSite\",\"@id\":\"https:\/\/fluency.io\/br\/#website\",\"url\":\"https:\/\/fluency.io\/br\/\",\"name\":\"Fluency.io Brasil\",\"description\":\"\",\"potentialAction\":[{\"@type\":\"SearchAction\",\"target\":{\"@type\":\"EntryPoint\",\"urlTemplate\":\"https:\/\/fluency.io\/br\/?s={search_term_string}\"},\"query-input\":{\"@type\":\"PropertyValueSpecification\",\"valueRequired\":true,\"valueName\":\"search_term_string\"}}],\"inLanguage\":\"pt-BR\"}]}<\/script>\n<!-- \/ Yoast SEO plugin. -->","yoast_head_json":{"title":"Curso de Franc\u00eas Online: B\u00e1sico ao Avan\u00e7ado com Certificado","description":"Curso de Franc\u00eas Online da Fluency, a Maior Escola de Idiomas da Am\u00e9rica Latina. Conhe\u00e7a os Professores, Emenda, Aulas e muito mais!","robots":{"index":"index","follow":"follow","max-snippet":"max-snippet:-1","max-image-preview":"max-image-preview:large","max-video-preview":"max-video-preview:-1"},"canonical":"https:\/\/homolog.fluency.io\/br\/cursos\/frances\/","og_locale":"pt_BR","og_type":"article","og_title":"Curso de Franc\u00eas Online: B\u00e1sico ao Avan\u00e7ado com Certificado","og_description":"Curso de Franc\u00eas Online da Fluency, a Maior Escola de Idiomas da Am\u00e9rica Latina. Conhe\u00e7a os Professores, Emenda, Aulas e muito mais!","og_url":"https:\/\/homolog.fluency.io\/br\/cursos\/frances\/","og_site_name":"Fluency.io Brasil","article_modified_time":"2025-12-15T20:57:38+00:00","twitter_card":"summary_large_image","twitter_misc":{"Est. tempo de leitura":"9 minutos"},"schema":{"@context":"https:\/\/schema.org","@graph":[{"@type":"WebPage","@id":"https:\/\/homolog.fluency.io\/br\/cursos\/frances\/","url":"https:\/\/homolog.fluency.io\/br\/cursos\/frances\/","name":"Curso de Franc\u00eas Online: B\u00e1sico ao Avan\u00e7ado com Certificado","isPartOf":{"@id":"https:\/\/fluency.io\/br\/#website"},"primaryImageOfPage":{"@id":"https:\/\/homolog.fluency.io\/br\/cursos\/frances\/#primaryimage"},"image":{"@id":"https:\/\/homolog.fluency.io\/br\/cursos\/frances\/#primaryimage"},"thumbnailUrl":"","datePublished":"2024-04-19T05:47:03+00:00","dateModified":"2025-12-15T20:57:38+00:00","description":"Curso de Franc\u00eas Online da Fluency, a Maior Escola de Idiomas da Am\u00e9rica Latina. Conhe\u00e7a os Professores, Emenda, Aulas e muito mais!","breadcrumb":{"@id":"https:\/\/homolog.fluency.io\/br\/cursos\/frances\/#breadcrumb"},"inLanguage":"pt-BR","potentialAction":[{"@type":"ReadAction","target":["https:\/\/homolog.fluency.io\/br\/cursos\/frances\/"]}]},{"@type":"ImageObject","inLanguage":"pt-BR","@id":"https:\/\/homolog.fluency.io\/br\/cursos\/frances\/#primaryimage","url":"","contentUrl":"","width":1027,"height":420},{"@type":"BreadcrumbList","@id":"https:\/\/homolog.fluency.io\/br\/cursos\/frances\/#breadcrumb","itemListElement":[{"@type":"ListItem","position":1,"name":"In\u00edcio","item":"https:\/\/homolog.fluency.io\/br\/"},{"@type":"ListItem","position":2,"name":"Cursos","item":"https:\/\/homolog.fluency.io\/br\/cursos\/"},{"@type":"ListItem","position":3,"name":"Curso de Franc\u00eas"}]},{"@type":"WebSite","@id":"https:\/\/fluency.io\/br\/#website","url":"https:\/\/fluency.io\/br\/","name":"Fluency.io Brasil","description":"","potentialAction":[{"@type":"SearchAction","target":{"@type":"EntryPoint","urlTemplate":"https:\/\/fluency.io\/br\/?s={search_term_string}"},"query-input":{"@type":"PropertyValueSpecification","valueRequired":true,"valueName":"search_term_string"}}],"inLanguage":"pt-BR"}]}},"_links":{"self":[{"href":"https:\/\/homolog.fluency.io\/br\/wp-json\/wp\/v2\/pages\/73434","targetHints":{"allow":["GET"]}}],"collection":[{"href":"https:\/\/homolog.fluency.io\/br\/wp-json\/wp\/v2\/pages"}],"about":[{"href":"https:\/\/homolog.fluency.io\/br\/wp-json\/wp\/v2\/types\/page"}],"author":[{"embeddable":true,"href":"https:\/\/homolog.fluency.io\/br\/wp-json\/wp\/v2\/users\/9"}],"replies":[{"embeddable":true,"href":"https:\/\/homolog.fluency.io\/br\/wp-json\/wp\/v2\/comments?post=73434"}],"version-history":[{"count":26,"href":"https:\/\/homolog.fluency.io\/br\/wp-json\/wp\/v2\/pages\/73434\/revisions"}],"predecessor-version":[{"id":200498,"href":"https:\/\/homolog.fluency.io\/br\/wp-json\/wp\/v2\/pages\/73434\/revisions\/200498"}],"up":[{"embeddable":true,"href":"https:\/\/homolog.fluency.io\/br\/wp-json\/wp\/v2\/pages\/70465"}],"wp:featuredmedia":[{"embeddable":true,"href":"https:\/\/homolog.fluency.io\/br\/wp-json\/"}],"wp:attachment":[{"href":"https:\/\/homolog.fluency.io\/br\/wp-json\/wp\/v2\/media?parent=73434"}],"curies":[{"name":"wp","href":"https:\/\/api.w.org\/{rel}","templated":true}]}}