{"id":78288,"date":"2024-06-05T12:53:22","date_gmt":"2024-06-05T12:53:22","guid":{"rendered":"https:\/\/fluency.io\/br\/?page_id=78288"},"modified":"2025-07-01T14:23:32","modified_gmt":"2025-07-01T17:23:32","slug":"memhack","status":"publish","type":"page","link":"https:\/\/homolog.fluency.io\/br\/memhack\/","title":{"rendered":"Memhack"},"content":{"rendered":"","protected":false},"excerpt":{"rendered":"","protected":false},"author":5,"featured_media":27523,"parent":0,"menu_order":0,"comment_status":"closed","ping_status":"closed","template":"template-memhack.php","meta":{"inline_featured_image":false,"footnotes":""},"class_list":["post-78288","page","type-page","status-publish","has-post-thumbnail","hentry"],"acf":[],"yoast_head":"<!-- This site is optimized with the Yoast SEO plugin v26.6 - https:\/\/yoast.com\/wordpress\/plugins\/seo\/ -->\n<title>Memhack: Aplicativo de memoriza\u00e7\u00e3o<\/title>\n<meta name=\"description\" content=\"Conhe\u00e7a o aplicativo de estudos de idiomas, usado para auxiliar a memorizar o conte\u00fado aprendido nas aulas da Fluency. Confira!\" \/>\n<meta name=\"robots\" content=\"index, follow, max-snippet:-1, max-image-preview:large, max-video-preview:-1\" \/>\n<link rel=\"canonical\" href=\"https:\/\/fluency.io\/br\/memhack\/\" \/>\n<meta property=\"og:locale\" content=\"pt_BR\" \/>\n<meta property=\"og:type\" content=\"article\" \/>\n<meta property=\"og:title\" content=\"Memhack: Aplicativo de memoriza\u00e7\u00e3o\" \/>\n<meta property=\"og:description\" content=\"Conhe\u00e7a o aplicativo de estudos de idiomas, usado para auxiliar a memorizar o conte\u00fado aprendido nas aulas da Fluency. Confira!\" \/>\n<meta property=\"og:url\" content=\"https:\/\/fluency.io\/br\/memhack\/\" \/>\n<meta property=\"og:site_name\" content=\"Fluency.io Brasil\" \/>\n<meta property=\"article:modified_time\" content=\"2025-07-01T17:23:32+00:00\" \/>\n<meta name=\"twitter:card\" content=\"summary_large_image\" \/>\n<meta name=\"twitter:label1\" content=\"Est. tempo de leitura\" \/>\n\t<meta name=\"twitter:data1\" content=\"1 minuto\" \/>\n<script type=\"application\/ld+json\" class=\"yoast-schema-graph\">{\"@context\":\"https:\/\/schema.org\",\"@graph\":[{\"@type\":\"WebPage\",\"@id\":\"https:\/\/fluency.io\/br\/memhack\/\",\"url\":\"https:\/\/fluency.io\/br\/memhack\/\",\"name\":\"Memhack: Aplicativo de memoriza\u00e7\u00e3o\",\"isPartOf\":{\"@id\":\"https:\/\/fluency.io\/br\/#website\"},\"primaryImageOfPage\":{\"@id\":\"https:\/\/fluency.io\/br\/memhack\/#primaryimage\"},\"image\":{\"@id\":\"https:\/\/fluency.io\/br\/memhack\/#primaryimage\"},\"thumbnailUrl\":\"\",\"datePublished\":\"2024-06-05T12:53:22+00:00\",\"dateModified\":\"2025-07-01T17:23:32+00:00\",\"description\":\"Conhe\u00e7a o aplicativo de estudos de idiomas, usado para auxiliar a memorizar o conte\u00fado aprendido nas aulas da Fluency. Confira!\",\"breadcrumb\":{\"@id\":\"https:\/\/fluency.io\/br\/memhack\/#breadcrumb\"},\"inLanguage\":\"pt-BR\",\"potentialAction\":[{\"@type\":\"ReadAction\",\"target\":[\"https:\/\/fluency.io\/br\/memhack\/\"]}]},{\"@type\":\"ImageObject\",\"inLanguage\":\"pt-BR\",\"@id\":\"https:\/\/fluency.io\/br\/memhack\/#primaryimage\",\"url\":\"\",\"contentUrl\":\"\",\"width\":1027,\"height\":420},{\"@type\":\"BreadcrumbList\",\"@id\":\"https:\/\/fluency.io\/br\/memhack\/#breadcrumb\",\"itemListElement\":[{\"@type\":\"ListItem\",\"position\":1,\"name\":\"In\u00edcio\",\"item\":\"https:\/\/homolog.fluency.io\/br\/\"},{\"@type\":\"ListItem\",\"position\":2,\"name\":\"Memhack\"}]},{\"@type\":\"WebSite\",\"@id\":\"https:\/\/fluency.io\/br\/#website\",\"url\":\"https:\/\/fluency.io\/br\/\",\"name\":\"Fluency.io Brasil\",\"description\":\"\",\"potentialAction\":[{\"@type\":\"SearchAction\",\"target\":{\"@type\":\"EntryPoint\",\"urlTemplate\":\"https:\/\/fluency.io\/br\/?s={search_term_string}\"},\"query-input\":{\"@type\":\"PropertyValueSpecification\",\"valueRequired\":true,\"valueName\":\"search_term_string\"}}],\"inLanguage\":\"pt-BR\"}]}<\/script>\n<!-- \/ Yoast SEO plugin. -->","yoast_head_json":{"title":"Memhack: Aplicativo de memoriza\u00e7\u00e3o","description":"Conhe\u00e7a o aplicativo de estudos de idiomas, usado para auxiliar a memorizar o conte\u00fado aprendido nas aulas da Fluency. Confira!","robots":{"index":"index","follow":"follow","max-snippet":"max-snippet:-1","max-image-preview":"max-image-preview:large","max-video-preview":"max-video-preview:-1"},"canonical":"https:\/\/fluency.io\/br\/memhack\/","og_locale":"pt_BR","og_type":"article","og_title":"Memhack: Aplicativo de memoriza\u00e7\u00e3o","og_description":"Conhe\u00e7a o aplicativo de estudos de idiomas, usado para auxiliar a memorizar o conte\u00fado aprendido nas aulas da Fluency. Confira!","og_url":"https:\/\/fluency.io\/br\/memhack\/","og_site_name":"Fluency.io Brasil","article_modified_time":"2025-07-01T17:23:32+00:00","twitter_card":"summary_large_image","twitter_misc":{"Est. tempo de leitura":"1 minuto"},"schema":{"@context":"https:\/\/schema.org","@graph":[{"@type":"WebPage","@id":"https:\/\/fluency.io\/br\/memhack\/","url":"https:\/\/fluency.io\/br\/memhack\/","name":"Memhack: Aplicativo de memoriza\u00e7\u00e3o","isPartOf":{"@id":"https:\/\/fluency.io\/br\/#website"},"primaryImageOfPage":{"@id":"https:\/\/fluency.io\/br\/memhack\/#primaryimage"},"image":{"@id":"https:\/\/fluency.io\/br\/memhack\/#primaryimage"},"thumbnailUrl":"","datePublished":"2024-06-05T12:53:22+00:00","dateModified":"2025-07-01T17:23:32+00:00","description":"Conhe\u00e7a o aplicativo de estudos de idiomas, usado para auxiliar a memorizar o conte\u00fado aprendido nas aulas da Fluency. Confira!","breadcrumb":{"@id":"https:\/\/fluency.io\/br\/memhack\/#breadcrumb"},"inLanguage":"pt-BR","potentialAction":[{"@type":"ReadAction","target":["https:\/\/fluency.io\/br\/memhack\/"]}]},{"@type":"ImageObject","inLanguage":"pt-BR","@id":"https:\/\/fluency.io\/br\/memhack\/#primaryimage","url":"","contentUrl":"","width":1027,"height":420},{"@type":"BreadcrumbList","@id":"https:\/\/fluency.io\/br\/memhack\/#breadcrumb","itemListElement":[{"@type":"ListItem","position":1,"name":"In\u00edcio","item":"https:\/\/homolog.fluency.io\/br\/"},{"@type":"ListItem","position":2,"name":"Memhack"}]},{"@type":"WebSite","@id":"https:\/\/fluency.io\/br\/#website","url":"https:\/\/fluency.io\/br\/","name":"Fluency.io Brasil","description":"","potentialAction":[{"@type":"SearchAction","target":{"@type":"EntryPoint","urlTemplate":"https:\/\/fluency.io\/br\/?s={search_term_string}"},"query-input":{"@type":"PropertyValueSpecification","valueRequired":true,"valueName":"search_term_string"}}],"inLanguage":"pt-BR"}]}},"_links":{"self":[{"href":"https:\/\/homolog.fluency.io\/br\/wp-json\/wp\/v2\/pages\/78288","targetHints":{"allow":["GET"]}}],"collection":[{"href":"https:\/\/homolog.fluency.io\/br\/wp-json\/wp\/v2\/pages"}],"about":[{"href":"https:\/\/homolog.fluency.io\/br\/wp-json\/wp\/v2\/types\/page"}],"author":[{"embeddable":true,"href":"https:\/\/homolog.fluency.io\/br\/wp-json\/wp\/v2\/users\/5"}],"replies":[{"embeddable":true,"href":"https:\/\/homolog.fluency.io\/br\/wp-json\/wp\/v2\/comments?post=78288"}],"version-history":[{"count":2,"href":"https:\/\/homolog.fluency.io\/br\/wp-json\/wp\/v2\/pages\/78288\/revisions"}],"predecessor-version":[{"id":105448,"href":"https:\/\/homolog.fluency.io\/br\/wp-json\/wp\/v2\/pages\/78288\/revisions\/105448"}],"wp:featuredmedia":[{"embeddable":true,"href":"https:\/\/homolog.fluency.io\/br\/wp-json\/"}],"wp:attachment":[{"href":"https:\/\/homolog.fluency.io\/br\/wp-json\/wp\/v2\/media?parent=78288"}],"curies":[{"name":"wp","href":"https:\/\/api.w.org\/{rel}","templated":true}]}}