{"id":82122,"date":"2024-07-05T15:05:39","date_gmt":"2024-07-05T18:05:39","guid":{"rendered":"https:\/\/fluency.io\/br\/?page_id=82122"},"modified":"2026-03-16T17:34:16","modified_gmt":"2026-03-16T20:34:16","slug":"talks","status":"publish","type":"page","link":"https:\/\/homolog.fluency.io\/br\/talks\/","title":{"rendered":"Talks"},"content":{"rendered":"","protected":false},"excerpt":{"rendered":"","protected":false},"author":5,"featured_media":27564,"parent":0,"menu_order":0,"comment_status":"closed","ping_status":"closed","template":"template-talks.php","meta":{"inline_featured_image":false,"footnotes":""},"class_list":["post-82122","page","type-page","status-publish","has-post-thumbnail","hentry"],"acf":[],"yoast_head":"<!-- This site is optimized with the Yoast SEO plugin v26.6 - https:\/\/yoast.com\/wordpress\/plugins\/seo\/ -->\n<title>Fluency Talks: Aulas de Conversa\u00e7\u00e3o<\/title>\n<meta name=\"description\" content=\"Conhe\u00e7a o Fluency Talks! Fale ingl\u00eas sem medo, com aulas de conversa\u00e7\u00e3o ao vivo em um ambiente seguro e acolhedor.\" \/>\n<meta name=\"robots\" content=\"index, follow, max-snippet:-1, max-image-preview:large, max-video-preview:-1\" \/>\n<link rel=\"canonical\" href=\"https:\/\/homolog.fluency.io\/br\/talks\/\" \/>\n<meta property=\"og:locale\" content=\"pt_BR\" \/>\n<meta property=\"og:type\" content=\"article\" \/>\n<meta property=\"og:title\" content=\"Fluency Talks: Aulas de Conversa\u00e7\u00e3o\" \/>\n<meta property=\"og:description\" content=\"Conhe\u00e7a o Fluency Talks! Fale ingl\u00eas sem medo, com aulas de conversa\u00e7\u00e3o ao vivo em um ambiente seguro e acolhedor.\" \/>\n<meta property=\"og:url\" content=\"https:\/\/homolog.fluency.io\/br\/talks\/\" \/>\n<meta property=\"og:site_name\" content=\"Fluency.io Brasil\" \/>\n<meta property=\"article:modified_time\" content=\"2026-03-16T20:34:16+00:00\" \/>\n<meta name=\"twitter:card\" content=\"summary_large_image\" \/>\n<meta name=\"twitter:label1\" content=\"Est. tempo de leitura\" \/>\n\t<meta name=\"twitter:data1\" content=\"9 minutos\" \/>\n<script type=\"application\/ld+json\" class=\"yoast-schema-graph\">{\"@context\":\"https:\/\/schema.org\",\"@graph\":[{\"@type\":\"WebPage\",\"@id\":\"https:\/\/homolog.fluency.io\/br\/talks\/\",\"url\":\"https:\/\/homolog.fluency.io\/br\/talks\/\",\"name\":\"Fluency Talks: Aulas de Conversa\u00e7\u00e3o\",\"isPartOf\":{\"@id\":\"https:\/\/fluency.io\/br\/#website\"},\"primaryImageOfPage\":{\"@id\":\"https:\/\/homolog.fluency.io\/br\/talks\/#primaryimage\"},\"image\":{\"@id\":\"https:\/\/homolog.fluency.io\/br\/talks\/#primaryimage\"},\"thumbnailUrl\":\"\",\"datePublished\":\"2024-07-05T18:05:39+00:00\",\"dateModified\":\"2026-03-16T20:34:16+00:00\",\"description\":\"Conhe\u00e7a o Fluency Talks! Fale ingl\u00eas sem medo, com aulas de conversa\u00e7\u00e3o ao vivo em um ambiente seguro e acolhedor.\",\"breadcrumb\":{\"@id\":\"https:\/\/homolog.fluency.io\/br\/talks\/#breadcrumb\"},\"inLanguage\":\"pt-BR\",\"potentialAction\":[{\"@type\":\"ReadAction\",\"target\":[\"https:\/\/homolog.fluency.io\/br\/talks\/\"]}]},{\"@type\":\"ImageObject\",\"inLanguage\":\"pt-BR\",\"@id\":\"https:\/\/homolog.fluency.io\/br\/talks\/#primaryimage\",\"url\":\"\",\"contentUrl\":\"\",\"width\":1027,\"height\":420},{\"@type\":\"BreadcrumbList\",\"@id\":\"https:\/\/homolog.fluency.io\/br\/talks\/#breadcrumb\",\"itemListElement\":[{\"@type\":\"ListItem\",\"position\":1,\"name\":\"In\u00edcio\",\"item\":\"https:\/\/homolog.fluency.io\/br\/\"},{\"@type\":\"ListItem\",\"position\":2,\"name\":\"Talks\"}]},{\"@type\":\"WebSite\",\"@id\":\"https:\/\/fluency.io\/br\/#website\",\"url\":\"https:\/\/fluency.io\/br\/\",\"name\":\"Fluency.io Brasil\",\"description\":\"\",\"potentialAction\":[{\"@type\":\"SearchAction\",\"target\":{\"@type\":\"EntryPoint\",\"urlTemplate\":\"https:\/\/fluency.io\/br\/?s={search_term_string}\"},\"query-input\":{\"@type\":\"PropertyValueSpecification\",\"valueRequired\":true,\"valueName\":\"search_term_string\"}}],\"inLanguage\":\"pt-BR\"}]}<\/script>\n<!-- \/ Yoast SEO plugin. -->","yoast_head_json":{"title":"Fluency Talks: Aulas de Conversa\u00e7\u00e3o","description":"Conhe\u00e7a o Fluency Talks! Fale ingl\u00eas sem medo, com aulas de conversa\u00e7\u00e3o ao vivo em um ambiente seguro e acolhedor.","robots":{"index":"index","follow":"follow","max-snippet":"max-snippet:-1","max-image-preview":"max-image-preview:large","max-video-preview":"max-video-preview:-1"},"canonical":"https:\/\/homolog.fluency.io\/br\/talks\/","og_locale":"pt_BR","og_type":"article","og_title":"Fluency Talks: Aulas de Conversa\u00e7\u00e3o","og_description":"Conhe\u00e7a o Fluency Talks! Fale ingl\u00eas sem medo, com aulas de conversa\u00e7\u00e3o ao vivo em um ambiente seguro e acolhedor.","og_url":"https:\/\/homolog.fluency.io\/br\/talks\/","og_site_name":"Fluency.io Brasil","article_modified_time":"2026-03-16T20:34:16+00:00","twitter_card":"summary_large_image","twitter_misc":{"Est. tempo de leitura":"9 minutos"},"schema":{"@context":"https:\/\/schema.org","@graph":[{"@type":"WebPage","@id":"https:\/\/homolog.fluency.io\/br\/talks\/","url":"https:\/\/homolog.fluency.io\/br\/talks\/","name":"Fluency Talks: Aulas de Conversa\u00e7\u00e3o","isPartOf":{"@id":"https:\/\/fluency.io\/br\/#website"},"primaryImageOfPage":{"@id":"https:\/\/homolog.fluency.io\/br\/talks\/#primaryimage"},"image":{"@id":"https:\/\/homolog.fluency.io\/br\/talks\/#primaryimage"},"thumbnailUrl":"","datePublished":"2024-07-05T18:05:39+00:00","dateModified":"2026-03-16T20:34:16+00:00","description":"Conhe\u00e7a o Fluency Talks! Fale ingl\u00eas sem medo, com aulas de conversa\u00e7\u00e3o ao vivo em um ambiente seguro e acolhedor.","breadcrumb":{"@id":"https:\/\/homolog.fluency.io\/br\/talks\/#breadcrumb"},"inLanguage":"pt-BR","potentialAction":[{"@type":"ReadAction","target":["https:\/\/homolog.fluency.io\/br\/talks\/"]}]},{"@type":"ImageObject","inLanguage":"pt-BR","@id":"https:\/\/homolog.fluency.io\/br\/talks\/#primaryimage","url":"","contentUrl":"","width":1027,"height":420},{"@type":"BreadcrumbList","@id":"https:\/\/homolog.fluency.io\/br\/talks\/#breadcrumb","itemListElement":[{"@type":"ListItem","position":1,"name":"In\u00edcio","item":"https:\/\/homolog.fluency.io\/br\/"},{"@type":"ListItem","position":2,"name":"Talks"}]},{"@type":"WebSite","@id":"https:\/\/fluency.io\/br\/#website","url":"https:\/\/fluency.io\/br\/","name":"Fluency.io Brasil","description":"","potentialAction":[{"@type":"SearchAction","target":{"@type":"EntryPoint","urlTemplate":"https:\/\/fluency.io\/br\/?s={search_term_string}"},"query-input":{"@type":"PropertyValueSpecification","valueRequired":true,"valueName":"search_term_string"}}],"inLanguage":"pt-BR"}]}},"_links":{"self":[{"href":"https:\/\/homolog.fluency.io\/br\/wp-json\/wp\/v2\/pages\/82122","targetHints":{"allow":["GET"]}}],"collection":[{"href":"https:\/\/homolog.fluency.io\/br\/wp-json\/wp\/v2\/pages"}],"about":[{"href":"https:\/\/homolog.fluency.io\/br\/wp-json\/wp\/v2\/types\/page"}],"author":[{"embeddable":true,"href":"https:\/\/homolog.fluency.io\/br\/wp-json\/wp\/v2\/users\/5"}],"replies":[{"embeddable":true,"href":"https:\/\/homolog.fluency.io\/br\/wp-json\/wp\/v2\/comments?post=82122"}],"version-history":[{"count":11,"href":"https:\/\/homolog.fluency.io\/br\/wp-json\/wp\/v2\/pages\/82122\/revisions"}],"predecessor-version":[{"id":200763,"href":"https:\/\/homolog.fluency.io\/br\/wp-json\/wp\/v2\/pages\/82122\/revisions\/200763"}],"wp:featuredmedia":[{"embeddable":true,"href":"https:\/\/homolog.fluency.io\/br\/wp-json\/"}],"wp:attachment":[{"href":"https:\/\/homolog.fluency.io\/br\/wp-json\/wp\/v2\/media?parent=82122"}],"curies":[{"name":"wp","href":"https:\/\/api.w.org\/{rel}","templated":true}]}}