{"id":87169,"date":"2024-09-19T00:47:06","date_gmt":"2024-09-19T03:47:06","guid":{"rendered":"https:\/\/fluency.io\/br\/?page_id=87169"},"modified":"2025-12-29T11:55:57","modified_gmt":"2025-12-29T14:55:57","slug":"professor-de-ingles-particular","status":"publish","type":"page","link":"https:\/\/homolog.fluency.io\/br\/talks\/professor-de-ingles-particular\/","title":{"rendered":"Professor de ingl\u00eas particular"},"content":{"rendered":"","protected":false},"excerpt":{"rendered":"","protected":false},"author":5,"featured_media":27589,"parent":82122,"menu_order":0,"comment_status":"closed","ping_status":"closed","template":"template-talks-particular.php","meta":{"inline_featured_image":false,"footnotes":""},"class_list":["post-87169","page","type-page","status-publish","has-post-thumbnail","hentry"],"acf":[],"yoast_head":"<!-- This site is optimized with the Yoast SEO plugin v26.6 - https:\/\/yoast.com\/wordpress\/plugins\/seo\/ -->\n<title>Professor de ingl\u00eas particular - Fluency Academy<\/title>\n<meta name=\"description\" content=\"Chega de ingl\u00eas travado! No Fluency Talks, voc\u00ea tem a pr\u00e1tica de conversa\u00e7\u00e3o que precisa, como um professor particular. Cadastre-se agora!\" \/>\n<meta name=\"robots\" content=\"index, follow, max-snippet:-1, max-image-preview:large, max-video-preview:-1\" \/>\n<link rel=\"canonical\" href=\"https:\/\/homolog.fluency.io\/br\/talks\/professor-de-ingles-particular\/\" \/>\n<meta property=\"og:locale\" content=\"pt_BR\" \/>\n<meta property=\"og:type\" content=\"article\" \/>\n<meta property=\"og:title\" content=\"Professor de ingl\u00eas particular - Fluency Academy\" \/>\n<meta property=\"og:description\" content=\"Chega de ingl\u00eas travado! No Fluency Talks, voc\u00ea tem a pr\u00e1tica de conversa\u00e7\u00e3o que precisa, como um professor particular. Cadastre-se agora!\" \/>\n<meta property=\"og:url\" content=\"https:\/\/homolog.fluency.io\/br\/talks\/professor-de-ingles-particular\/\" \/>\n<meta property=\"og:site_name\" content=\"Fluency.io Brasil\" \/>\n<meta property=\"article:modified_time\" content=\"2025-12-29T14:55:57+00:00\" \/>\n<meta name=\"twitter:card\" content=\"summary_large_image\" \/>\n<meta name=\"twitter:label1\" content=\"Est. tempo de leitura\" \/>\n\t<meta name=\"twitter:data1\" content=\"2 minutos\" \/>\n<script type=\"application\/ld+json\" class=\"yoast-schema-graph\">{\"@context\":\"https:\/\/schema.org\",\"@graph\":[{\"@type\":\"WebPage\",\"@id\":\"https:\/\/homolog.fluency.io\/br\/talks\/professor-de-ingles-particular\/\",\"url\":\"https:\/\/homolog.fluency.io\/br\/talks\/professor-de-ingles-particular\/\",\"name\":\"Professor de ingl\u00eas particular - Fluency Academy\",\"isPartOf\":{\"@id\":\"https:\/\/fluency.io\/br\/#website\"},\"primaryImageOfPage\":{\"@id\":\"https:\/\/homolog.fluency.io\/br\/talks\/professor-de-ingles-particular\/#primaryimage\"},\"image\":{\"@id\":\"https:\/\/homolog.fluency.io\/br\/talks\/professor-de-ingles-particular\/#primaryimage\"},\"thumbnailUrl\":\"\",\"datePublished\":\"2024-09-19T03:47:06+00:00\",\"dateModified\":\"2025-12-29T14:55:57+00:00\",\"description\":\"Chega de ingl\u00eas travado! No Fluency Talks, voc\u00ea tem a pr\u00e1tica de conversa\u00e7\u00e3o que precisa, como um professor particular. Cadastre-se agora!\",\"breadcrumb\":{\"@id\":\"https:\/\/homolog.fluency.io\/br\/talks\/professor-de-ingles-particular\/#breadcrumb\"},\"inLanguage\":\"pt-BR\",\"potentialAction\":[{\"@type\":\"ReadAction\",\"target\":[\"https:\/\/homolog.fluency.io\/br\/talks\/professor-de-ingles-particular\/\"]}]},{\"@type\":\"ImageObject\",\"inLanguage\":\"pt-BR\",\"@id\":\"https:\/\/homolog.fluency.io\/br\/talks\/professor-de-ingles-particular\/#primaryimage\",\"url\":\"\",\"contentUrl\":\"\",\"width\":1027,\"height\":420},{\"@type\":\"BreadcrumbList\",\"@id\":\"https:\/\/homolog.fluency.io\/br\/talks\/professor-de-ingles-particular\/#breadcrumb\",\"itemListElement\":[{\"@type\":\"ListItem\",\"position\":1,\"name\":\"In\u00edcio\",\"item\":\"https:\/\/homolog.fluency.io\/br\/\"},{\"@type\":\"ListItem\",\"position\":2,\"name\":\"Talks\",\"item\":\"https:\/\/homolog.fluency.io\/br\/talks\/\"},{\"@type\":\"ListItem\",\"position\":3,\"name\":\"Professor de ingl\u00eas particular\"}]},{\"@type\":\"WebSite\",\"@id\":\"https:\/\/fluency.io\/br\/#website\",\"url\":\"https:\/\/fluency.io\/br\/\",\"name\":\"Fluency.io Brasil\",\"description\":\"\",\"potentialAction\":[{\"@type\":\"SearchAction\",\"target\":{\"@type\":\"EntryPoint\",\"urlTemplate\":\"https:\/\/fluency.io\/br\/?s={search_term_string}\"},\"query-input\":{\"@type\":\"PropertyValueSpecification\",\"valueRequired\":true,\"valueName\":\"search_term_string\"}}],\"inLanguage\":\"pt-BR\"}]}<\/script>\n<!-- \/ Yoast SEO plugin. -->","yoast_head_json":{"title":"Professor de ingl\u00eas particular - Fluency Academy","description":"Chega de ingl\u00eas travado! No Fluency Talks, voc\u00ea tem a pr\u00e1tica de conversa\u00e7\u00e3o que precisa, como um professor particular. Cadastre-se agora!","robots":{"index":"index","follow":"follow","max-snippet":"max-snippet:-1","max-image-preview":"max-image-preview:large","max-video-preview":"max-video-preview:-1"},"canonical":"https:\/\/homolog.fluency.io\/br\/talks\/professor-de-ingles-particular\/","og_locale":"pt_BR","og_type":"article","og_title":"Professor de ingl\u00eas particular - Fluency Academy","og_description":"Chega de ingl\u00eas travado! No Fluency Talks, voc\u00ea tem a pr\u00e1tica de conversa\u00e7\u00e3o que precisa, como um professor particular. Cadastre-se agora!","og_url":"https:\/\/homolog.fluency.io\/br\/talks\/professor-de-ingles-particular\/","og_site_name":"Fluency.io Brasil","article_modified_time":"2025-12-29T14:55:57+00:00","twitter_card":"summary_large_image","twitter_misc":{"Est. tempo de leitura":"2 minutos"},"schema":{"@context":"https:\/\/schema.org","@graph":[{"@type":"WebPage","@id":"https:\/\/homolog.fluency.io\/br\/talks\/professor-de-ingles-particular\/","url":"https:\/\/homolog.fluency.io\/br\/talks\/professor-de-ingles-particular\/","name":"Professor de ingl\u00eas particular - Fluency Academy","isPartOf":{"@id":"https:\/\/fluency.io\/br\/#website"},"primaryImageOfPage":{"@id":"https:\/\/homolog.fluency.io\/br\/talks\/professor-de-ingles-particular\/#primaryimage"},"image":{"@id":"https:\/\/homolog.fluency.io\/br\/talks\/professor-de-ingles-particular\/#primaryimage"},"thumbnailUrl":"","datePublished":"2024-09-19T03:47:06+00:00","dateModified":"2025-12-29T14:55:57+00:00","description":"Chega de ingl\u00eas travado! No Fluency Talks, voc\u00ea tem a pr\u00e1tica de conversa\u00e7\u00e3o que precisa, como um professor particular. Cadastre-se agora!","breadcrumb":{"@id":"https:\/\/homolog.fluency.io\/br\/talks\/professor-de-ingles-particular\/#breadcrumb"},"inLanguage":"pt-BR","potentialAction":[{"@type":"ReadAction","target":["https:\/\/homolog.fluency.io\/br\/talks\/professor-de-ingles-particular\/"]}]},{"@type":"ImageObject","inLanguage":"pt-BR","@id":"https:\/\/homolog.fluency.io\/br\/talks\/professor-de-ingles-particular\/#primaryimage","url":"","contentUrl":"","width":1027,"height":420},{"@type":"BreadcrumbList","@id":"https:\/\/homolog.fluency.io\/br\/talks\/professor-de-ingles-particular\/#breadcrumb","itemListElement":[{"@type":"ListItem","position":1,"name":"In\u00edcio","item":"https:\/\/homolog.fluency.io\/br\/"},{"@type":"ListItem","position":2,"name":"Talks","item":"https:\/\/homolog.fluency.io\/br\/talks\/"},{"@type":"ListItem","position":3,"name":"Professor de ingl\u00eas particular"}]},{"@type":"WebSite","@id":"https:\/\/fluency.io\/br\/#website","url":"https:\/\/fluency.io\/br\/","name":"Fluency.io Brasil","description":"","potentialAction":[{"@type":"SearchAction","target":{"@type":"EntryPoint","urlTemplate":"https:\/\/fluency.io\/br\/?s={search_term_string}"},"query-input":{"@type":"PropertyValueSpecification","valueRequired":true,"valueName":"search_term_string"}}],"inLanguage":"pt-BR"}]}},"_links":{"self":[{"href":"https:\/\/homolog.fluency.io\/br\/wp-json\/wp\/v2\/pages\/87169","targetHints":{"allow":["GET"]}}],"collection":[{"href":"https:\/\/homolog.fluency.io\/br\/wp-json\/wp\/v2\/pages"}],"about":[{"href":"https:\/\/homolog.fluency.io\/br\/wp-json\/wp\/v2\/types\/page"}],"author":[{"embeddable":true,"href":"https:\/\/homolog.fluency.io\/br\/wp-json\/wp\/v2\/users\/5"}],"replies":[{"embeddable":true,"href":"https:\/\/homolog.fluency.io\/br\/wp-json\/wp\/v2\/comments?post=87169"}],"version-history":[{"count":6,"href":"https:\/\/homolog.fluency.io\/br\/wp-json\/wp\/v2\/pages\/87169\/revisions"}],"predecessor-version":[{"id":200530,"href":"https:\/\/homolog.fluency.io\/br\/wp-json\/wp\/v2\/pages\/87169\/revisions\/200530"}],"up":[{"embeddable":true,"href":"https:\/\/homolog.fluency.io\/br\/wp-json\/wp\/v2\/pages\/82122"}],"wp:featuredmedia":[{"embeddable":true,"href":"https:\/\/homolog.fluency.io\/br\/wp-json\/"}],"wp:attachment":[{"href":"https:\/\/homolog.fluency.io\/br\/wp-json\/wp\/v2\/media?parent=87169"}],"curies":[{"name":"wp","href":"https:\/\/api.w.org\/{rel}","templated":true}]}}