{"id":401,"date":"2023-11-22T13:43:42","date_gmt":"2023-11-22T13:43:42","guid":{"rendered":"https:\/\/fluency.io\/es\/about-us\/"},"modified":"2025-01-17T11:53:23","modified_gmt":"2025-01-17T11:53:23","slug":"quienes-somos","status":"publish","type":"page","link":"https:\/\/homolog.fluency.io\/es\/quienes-somos\/","title":{"rendered":"Qui\u00e9nes somos"},"content":{"rendered":"","protected":false},"excerpt":{"rendered":"","protected":false},"author":6,"featured_media":0,"parent":0,"menu_order":0,"comment_status":"open","ping_status":"open","template":"templates-latam\/template-sobre-new-latam.php","meta":{"inline_featured_image":false,"footnotes":""},"class_list":["post-401","page","type-page","status-publish","hentry"],"acf":[],"yoast_head":"<!-- This site is optimized with the Yoast SEO plugin v26.6 - https:\/\/yoast.com\/wordpress\/plugins\/seo\/ -->\n<title>Qui\u00e9nes somos | Descubre Fluency Academy<\/title>\n<meta name=\"description\" content=\"Conoce nuestra misi\u00f3n de transformar el aprendizaje de idiomas. Innovaci\u00f3n, pasi\u00f3n y resultados. \u00a1\u00danete a Fluency Academy!\" \/>\n<meta name=\"robots\" content=\"index, follow, max-snippet:-1, max-image-preview:large, max-video-preview:-1\" \/>\n<link rel=\"canonical\" href=\"https:\/\/fluency.io\/es\/quienes-somos\/\" \/>\n<meta property=\"og:locale\" content=\"es_ES\" \/>\n<meta property=\"og:type\" content=\"article\" \/>\n<meta property=\"og:title\" content=\"Qui\u00e9nes somos | Descubre Fluency Academy\" \/>\n<meta property=\"og:description\" content=\"Conoce nuestra misi\u00f3n de transformar el aprendizaje de idiomas. Innovaci\u00f3n, pasi\u00f3n y resultados. \u00a1\u00danete a Fluency Academy!\" \/>\n<meta property=\"og:url\" content=\"https:\/\/fluency.io\/es\/quienes-somos\/\" \/>\n<meta property=\"og:site_name\" content=\"Fluency.io Espanhol\" \/>\n<meta property=\"article:modified_time\" content=\"2025-01-17T11:53:23+00:00\" \/>\n<meta name=\"twitter:card\" content=\"summary_large_image\" \/>\n<script type=\"application\/ld+json\" class=\"yoast-schema-graph\">{\"@context\":\"https:\/\/schema.org\",\"@graph\":[{\"@type\":\"WebPage\",\"@id\":\"https:\/\/fluency.io\/es\/quienes-somos\/\",\"url\":\"https:\/\/fluency.io\/es\/quienes-somos\/\",\"name\":\"Qui\u00e9nes somos | Descubre Fluency Academy\",\"isPartOf\":{\"@id\":\"https:\/\/fluency.io\/es\/#website\"},\"datePublished\":\"2023-11-22T13:43:42+00:00\",\"dateModified\":\"2025-01-17T11:53:23+00:00\",\"description\":\"Conoce nuestra misi\u00f3n de transformar el aprendizaje de idiomas. Innovaci\u00f3n, pasi\u00f3n y resultados. \u00a1\u00danete a Fluency Academy!\",\"breadcrumb\":{\"@id\":\"https:\/\/fluency.io\/es\/quienes-somos\/#breadcrumb\"},\"inLanguage\":\"es\",\"potentialAction\":[{\"@type\":\"ReadAction\",\"target\":[\"https:\/\/fluency.io\/es\/quienes-somos\/\"]}]},{\"@type\":\"BreadcrumbList\",\"@id\":\"https:\/\/fluency.io\/es\/quienes-somos\/#breadcrumb\",\"itemListElement\":[{\"@type\":\"ListItem\",\"position\":1,\"name\":\"Home\",\"item\":\"https:\/\/homolog.fluency.io\/es\/\"},{\"@type\":\"ListItem\",\"position\":2,\"name\":\"Qui\u00e9nes somos\"}]},{\"@type\":\"WebSite\",\"@id\":\"https:\/\/fluency.io\/es\/#website\",\"url\":\"https:\/\/fluency.io\/es\/\",\"name\":\"Fluency.io Espanhol\",\"description\":\"\",\"potentialAction\":[{\"@type\":\"SearchAction\",\"target\":{\"@type\":\"EntryPoint\",\"urlTemplate\":\"https:\/\/fluency.io\/es\/?s={search_term_string}\"},\"query-input\":{\"@type\":\"PropertyValueSpecification\",\"valueRequired\":true,\"valueName\":\"search_term_string\"}}],\"inLanguage\":\"es\"}]}<\/script>\n<!-- \/ Yoast SEO plugin. -->","yoast_head_json":{"title":"Qui\u00e9nes somos | Descubre Fluency Academy","description":"Conoce nuestra misi\u00f3n de transformar el aprendizaje de idiomas. Innovaci\u00f3n, pasi\u00f3n y resultados. \u00a1\u00danete a Fluency Academy!","robots":{"index":"index","follow":"follow","max-snippet":"max-snippet:-1","max-image-preview":"max-image-preview:large","max-video-preview":"max-video-preview:-1"},"canonical":"https:\/\/fluency.io\/es\/quienes-somos\/","og_locale":"es_ES","og_type":"article","og_title":"Qui\u00e9nes somos | Descubre Fluency Academy","og_description":"Conoce nuestra misi\u00f3n de transformar el aprendizaje de idiomas. Innovaci\u00f3n, pasi\u00f3n y resultados. \u00a1\u00danete a Fluency Academy!","og_url":"https:\/\/fluency.io\/es\/quienes-somos\/","og_site_name":"Fluency.io Espanhol","article_modified_time":"2025-01-17T11:53:23+00:00","twitter_card":"summary_large_image","schema":{"@context":"https:\/\/schema.org","@graph":[{"@type":"WebPage","@id":"https:\/\/fluency.io\/es\/quienes-somos\/","url":"https:\/\/fluency.io\/es\/quienes-somos\/","name":"Qui\u00e9nes somos | Descubre Fluency Academy","isPartOf":{"@id":"https:\/\/fluency.io\/es\/#website"},"datePublished":"2023-11-22T13:43:42+00:00","dateModified":"2025-01-17T11:53:23+00:00","description":"Conoce nuestra misi\u00f3n de transformar el aprendizaje de idiomas. Innovaci\u00f3n, pasi\u00f3n y resultados. \u00a1\u00danete a Fluency Academy!","breadcrumb":{"@id":"https:\/\/fluency.io\/es\/quienes-somos\/#breadcrumb"},"inLanguage":"es","potentialAction":[{"@type":"ReadAction","target":["https:\/\/fluency.io\/es\/quienes-somos\/"]}]},{"@type":"BreadcrumbList","@id":"https:\/\/fluency.io\/es\/quienes-somos\/#breadcrumb","itemListElement":[{"@type":"ListItem","position":1,"name":"Home","item":"https:\/\/homolog.fluency.io\/es\/"},{"@type":"ListItem","position":2,"name":"Qui\u00e9nes somos"}]},{"@type":"WebSite","@id":"https:\/\/fluency.io\/es\/#website","url":"https:\/\/fluency.io\/es\/","name":"Fluency.io Espanhol","description":"","potentialAction":[{"@type":"SearchAction","target":{"@type":"EntryPoint","urlTemplate":"https:\/\/fluency.io\/es\/?s={search_term_string}"},"query-input":{"@type":"PropertyValueSpecification","valueRequired":true,"valueName":"search_term_string"}}],"inLanguage":"es"}]}},"_links":{"self":[{"href":"https:\/\/homolog.fluency.io\/es\/wp-json\/wp\/v2\/pages\/401","targetHints":{"allow":["GET"]}}],"collection":[{"href":"https:\/\/homolog.fluency.io\/es\/wp-json\/wp\/v2\/pages"}],"about":[{"href":"https:\/\/homolog.fluency.io\/es\/wp-json\/wp\/v2\/types\/page"}],"author":[{"embeddable":true,"href":"https:\/\/homolog.fluency.io\/es\/wp-json\/wp\/v2\/users\/6"}],"replies":[{"embeddable":true,"href":"https:\/\/homolog.fluency.io\/es\/wp-json\/wp\/v2\/comments?post=401"}],"version-history":[{"count":14,"href":"https:\/\/homolog.fluency.io\/es\/wp-json\/wp\/v2\/pages\/401\/revisions"}],"predecessor-version":[{"id":55863,"href":"https:\/\/homolog.fluency.io\/es\/wp-json\/wp\/v2\/pages\/401\/revisions\/55863"}],"wp:attachment":[{"href":"https:\/\/homolog.fluency.io\/es\/wp-json\/wp\/v2\/media?parent=401"}],"curies":[{"name":"wp","href":"https:\/\/api.w.org\/{rel}","templated":true}]}}