{"id":51858,"date":"2024-05-22T22:08:53","date_gmt":"2024-05-22T22:08:53","guid":{"rendered":"https:\/\/fluency.io\/es\/?page_id=51858"},"modified":"2025-01-22T12:13:34","modified_gmt":"2025-01-22T12:13:34","slug":"portugues","status":"publish","type":"page","link":"https:\/\/homolog.fluency.io\/es\/cursos\/portugues\/","title":{"rendered":"Curso de Portugu\u00e9s"},"content":{"rendered":"","protected":false},"excerpt":{"rendered":"","protected":false},"author":2,"featured_media":0,"parent":51415,"menu_order":0,"comment_status":"closed","ping_status":"closed","template":"template-cursos-geral.php","meta":{"inline_featured_image":false,"footnotes":""},"class_list":["post-51858","page","type-page","status-publish","hentry"],"acf":[],"yoast_head":"<!-- This site is optimized with the Yoast SEO plugin v26.6 - https:\/\/yoast.com\/wordpress\/plugins\/seo\/ -->\n<title>Curso de portugu\u00e9s en l\u00ednea | Aprende con Fluency Academy<\/title>\n<meta name=\"description\" content=\"Domina el portugu\u00e9s r\u00e1pido y f\u00e1cil con clases din\u00e1micas en l\u00ednea. \u00a1Inscr\u00edbete hoy y lleva tu aprendizaje al siguiente nivel!\" \/>\n<meta name=\"robots\" content=\"index, follow, max-snippet:-1, max-image-preview:large, max-video-preview:-1\" \/>\n<link rel=\"canonical\" href=\"https:\/\/fluency.io\/es\/cursos\/portugues\/\" \/>\n<meta property=\"og:locale\" content=\"es_ES\" \/>\n<meta property=\"og:type\" content=\"article\" \/>\n<meta property=\"og:title\" content=\"Curso de portugu\u00e9s en l\u00ednea | Aprende con Fluency Academy\" \/>\n<meta property=\"og:description\" content=\"Domina el portugu\u00e9s r\u00e1pido y f\u00e1cil con clases din\u00e1micas en l\u00ednea. \u00a1Inscr\u00edbete hoy y lleva tu aprendizaje al siguiente nivel!\" \/>\n<meta property=\"og:url\" content=\"https:\/\/fluency.io\/es\/cursos\/portugues\/\" \/>\n<meta property=\"og:site_name\" content=\"Fluency.io Espanhol\" \/>\n<meta property=\"article:modified_time\" content=\"2025-01-22T12:13:34+00:00\" \/>\n<meta name=\"twitter:card\" content=\"summary_large_image\" \/>\n<script type=\"application\/ld+json\" class=\"yoast-schema-graph\">{\"@context\":\"https:\/\/schema.org\",\"@graph\":[{\"@type\":\"WebPage\",\"@id\":\"https:\/\/fluency.io\/es\/cursos\/portugues\/\",\"url\":\"https:\/\/fluency.io\/es\/cursos\/portugues\/\",\"name\":\"Curso de portugu\u00e9s en l\u00ednea | Aprende con Fluency Academy\",\"isPartOf\":{\"@id\":\"https:\/\/fluency.io\/es\/#website\"},\"datePublished\":\"2024-05-22T22:08:53+00:00\",\"dateModified\":\"2025-01-22T12:13:34+00:00\",\"description\":\"Domina el portugu\u00e9s r\u00e1pido y f\u00e1cil con clases din\u00e1micas en l\u00ednea. \u00a1Inscr\u00edbete hoy y lleva tu aprendizaje al siguiente nivel!\",\"breadcrumb\":{\"@id\":\"https:\/\/fluency.io\/es\/cursos\/portugues\/#breadcrumb\"},\"inLanguage\":\"es\",\"potentialAction\":[{\"@type\":\"ReadAction\",\"target\":[\"https:\/\/fluency.io\/es\/cursos\/portugues\/\"]}]},{\"@type\":\"BreadcrumbList\",\"@id\":\"https:\/\/fluency.io\/es\/cursos\/portugues\/#breadcrumb\",\"itemListElement\":[{\"@type\":\"ListItem\",\"position\":1,\"name\":\"Home\",\"item\":\"https:\/\/homolog.fluency.io\/es\/\"},{\"@type\":\"ListItem\",\"position\":2,\"name\":\"Cursos\",\"item\":\"https:\/\/fluency.io\/es\/cursos\/\"},{\"@type\":\"ListItem\",\"position\":3,\"name\":\"Curso de Portugu\u00e9s\"}]},{\"@type\":\"WebSite\",\"@id\":\"https:\/\/fluency.io\/es\/#website\",\"url\":\"https:\/\/fluency.io\/es\/\",\"name\":\"Fluency.io Espanhol\",\"description\":\"\",\"potentialAction\":[{\"@type\":\"SearchAction\",\"target\":{\"@type\":\"EntryPoint\",\"urlTemplate\":\"https:\/\/fluency.io\/es\/?s={search_term_string}\"},\"query-input\":{\"@type\":\"PropertyValueSpecification\",\"valueRequired\":true,\"valueName\":\"search_term_string\"}}],\"inLanguage\":\"es\"}]}<\/script>\n<!-- \/ Yoast SEO plugin. -->","yoast_head_json":{"title":"Curso de portugu\u00e9s en l\u00ednea | Aprende con Fluency Academy","description":"Domina el portugu\u00e9s r\u00e1pido y f\u00e1cil con clases din\u00e1micas en l\u00ednea. \u00a1Inscr\u00edbete hoy y lleva tu aprendizaje al siguiente nivel!","robots":{"index":"index","follow":"follow","max-snippet":"max-snippet:-1","max-image-preview":"max-image-preview:large","max-video-preview":"max-video-preview:-1"},"canonical":"https:\/\/fluency.io\/es\/cursos\/portugues\/","og_locale":"es_ES","og_type":"article","og_title":"Curso de portugu\u00e9s en l\u00ednea | Aprende con Fluency Academy","og_description":"Domina el portugu\u00e9s r\u00e1pido y f\u00e1cil con clases din\u00e1micas en l\u00ednea. \u00a1Inscr\u00edbete hoy y lleva tu aprendizaje al siguiente nivel!","og_url":"https:\/\/fluency.io\/es\/cursos\/portugues\/","og_site_name":"Fluency.io Espanhol","article_modified_time":"2025-01-22T12:13:34+00:00","twitter_card":"summary_large_image","schema":{"@context":"https:\/\/schema.org","@graph":[{"@type":"WebPage","@id":"https:\/\/fluency.io\/es\/cursos\/portugues\/","url":"https:\/\/fluency.io\/es\/cursos\/portugues\/","name":"Curso de portugu\u00e9s en l\u00ednea | Aprende con Fluency Academy","isPartOf":{"@id":"https:\/\/fluency.io\/es\/#website"},"datePublished":"2024-05-22T22:08:53+00:00","dateModified":"2025-01-22T12:13:34+00:00","description":"Domina el portugu\u00e9s r\u00e1pido y f\u00e1cil con clases din\u00e1micas en l\u00ednea. \u00a1Inscr\u00edbete hoy y lleva tu aprendizaje al siguiente nivel!","breadcrumb":{"@id":"https:\/\/fluency.io\/es\/cursos\/portugues\/#breadcrumb"},"inLanguage":"es","potentialAction":[{"@type":"ReadAction","target":["https:\/\/fluency.io\/es\/cursos\/portugues\/"]}]},{"@type":"BreadcrumbList","@id":"https:\/\/fluency.io\/es\/cursos\/portugues\/#breadcrumb","itemListElement":[{"@type":"ListItem","position":1,"name":"Home","item":"https:\/\/homolog.fluency.io\/es\/"},{"@type":"ListItem","position":2,"name":"Cursos","item":"https:\/\/fluency.io\/es\/cursos\/"},{"@type":"ListItem","position":3,"name":"Curso de Portugu\u00e9s"}]},{"@type":"WebSite","@id":"https:\/\/fluency.io\/es\/#website","url":"https:\/\/fluency.io\/es\/","name":"Fluency.io Espanhol","description":"","potentialAction":[{"@type":"SearchAction","target":{"@type":"EntryPoint","urlTemplate":"https:\/\/fluency.io\/es\/?s={search_term_string}"},"query-input":{"@type":"PropertyValueSpecification","valueRequired":true,"valueName":"search_term_string"}}],"inLanguage":"es"}]}},"_links":{"self":[{"href":"https:\/\/homolog.fluency.io\/es\/wp-json\/wp\/v2\/pages\/51858","targetHints":{"allow":["GET"]}}],"collection":[{"href":"https:\/\/homolog.fluency.io\/es\/wp-json\/wp\/v2\/pages"}],"about":[{"href":"https:\/\/homolog.fluency.io\/es\/wp-json\/wp\/v2\/types\/page"}],"author":[{"embeddable":true,"href":"https:\/\/homolog.fluency.io\/es\/wp-json\/wp\/v2\/users\/2"}],"replies":[{"embeddable":true,"href":"https:\/\/homolog.fluency.io\/es\/wp-json\/wp\/v2\/comments?post=51858"}],"version-history":[{"count":9,"href":"https:\/\/homolog.fluency.io\/es\/wp-json\/wp\/v2\/pages\/51858\/revisions"}],"predecessor-version":[{"id":56058,"href":"https:\/\/homolog.fluency.io\/es\/wp-json\/wp\/v2\/pages\/51858\/revisions\/56058"}],"up":[{"embeddable":true,"href":"https:\/\/homolog.fluency.io\/es\/wp-json\/wp\/v2\/pages\/51415"}],"wp:attachment":[{"href":"https:\/\/homolog.fluency.io\/es\/wp-json\/wp\/v2\/media?parent=51858"}],"curies":[{"name":"wp","href":"https:\/\/api.w.org\/{rel}","templated":true}]}}