{"id":52507,"date":"2024-06-18T03:38:06","date_gmt":"2024-06-18T03:38:06","guid":{"rendered":"https:\/\/fluency.io\/es\/?page_id=52507"},"modified":"2025-01-17T11:43:37","modified_gmt":"2025-01-17T11:43:37","slug":"metodologia","status":"publish","type":"page","link":"https:\/\/homolog.fluency.io\/es\/metodologia\/","title":{"rendered":"Metodolog\u00eda"},"content":{"rendered":"<p>&nbsp;<\/p>\n<p>&nbsp;<\/p>\n","protected":false},"excerpt":{"rendered":"<p>&nbsp; &nbsp;<\/p>\n","protected":false},"author":5,"featured_media":0,"parent":0,"menu_order":0,"comment_status":"closed","ping_status":"closed","template":"templates-latam\/template-metodologia-latam.php","meta":{"inline_featured_image":false,"footnotes":""},"class_list":["post-52507","page","type-page","status-publish","hentry"],"acf":[],"yoast_head":"<!-- This site is optimized with the Yoast SEO plugin v26.6 - https:\/\/yoast.com\/wordpress\/plugins\/seo\/ -->\n<title>Metodolog\u00eda The Fluency Hacking Method<\/title>\n<meta name=\"description\" content=\"Descubre el The Fluency Hacking Method, la metodolog\u00eda de Fluency que hace que el aprendizaje de idiomas sea r\u00e1pido, pr\u00e1ctico y divertido.\" \/>\n<meta name=\"robots\" content=\"index, follow, max-snippet:-1, max-image-preview:large, max-video-preview:-1\" \/>\n<link rel=\"canonical\" href=\"https:\/\/fluency.io\/es\/metodologia\/\" \/>\n<meta property=\"og:locale\" content=\"es_ES\" \/>\n<meta property=\"og:type\" content=\"article\" \/>\n<meta property=\"og:title\" content=\"Metodolog\u00eda The Fluency Hacking Method\" \/>\n<meta property=\"og:description\" content=\"Descubre el The Fluency Hacking Method, la metodolog\u00eda de Fluency que hace que el aprendizaje de idiomas sea r\u00e1pido, pr\u00e1ctico y divertido.\" \/>\n<meta property=\"og:url\" content=\"https:\/\/fluency.io\/es\/metodologia\/\" \/>\n<meta property=\"og:site_name\" content=\"Fluency.io Espanhol\" \/>\n<meta property=\"article:modified_time\" content=\"2025-01-17T11:43:37+00:00\" \/>\n<meta name=\"twitter:card\" content=\"summary_large_image\" \/>\n<script type=\"application\/ld+json\" class=\"yoast-schema-graph\">{\"@context\":\"https:\/\/schema.org\",\"@graph\":[{\"@type\":\"WebPage\",\"@id\":\"https:\/\/fluency.io\/es\/metodologia\/\",\"url\":\"https:\/\/fluency.io\/es\/metodologia\/\",\"name\":\"Metodolog\u00eda The Fluency Hacking Method\",\"isPartOf\":{\"@id\":\"https:\/\/fluency.io\/es\/#website\"},\"datePublished\":\"2024-06-18T03:38:06+00:00\",\"dateModified\":\"2025-01-17T11:43:37+00:00\",\"description\":\"Descubre el The Fluency Hacking Method, la metodolog\u00eda de Fluency que hace que el aprendizaje de idiomas sea r\u00e1pido, pr\u00e1ctico y divertido.\",\"breadcrumb\":{\"@id\":\"https:\/\/fluency.io\/es\/metodologia\/#breadcrumb\"},\"inLanguage\":\"es\",\"potentialAction\":[{\"@type\":\"ReadAction\",\"target\":[\"https:\/\/fluency.io\/es\/metodologia\/\"]}]},{\"@type\":\"BreadcrumbList\",\"@id\":\"https:\/\/fluency.io\/es\/metodologia\/#breadcrumb\",\"itemListElement\":[{\"@type\":\"ListItem\",\"position\":1,\"name\":\"Home\",\"item\":\"https:\/\/homolog.fluency.io\/es\/\"},{\"@type\":\"ListItem\",\"position\":2,\"name\":\"Metodolog\u00eda\"}]},{\"@type\":\"WebSite\",\"@id\":\"https:\/\/fluency.io\/es\/#website\",\"url\":\"https:\/\/fluency.io\/es\/\",\"name\":\"Fluency.io Espanhol\",\"description\":\"\",\"potentialAction\":[{\"@type\":\"SearchAction\",\"target\":{\"@type\":\"EntryPoint\",\"urlTemplate\":\"https:\/\/fluency.io\/es\/?s={search_term_string}\"},\"query-input\":{\"@type\":\"PropertyValueSpecification\",\"valueRequired\":true,\"valueName\":\"search_term_string\"}}],\"inLanguage\":\"es\"}]}<\/script>\n<!-- \/ Yoast SEO plugin. -->","yoast_head_json":{"title":"Metodolog\u00eda The Fluency Hacking Method","description":"Descubre el The Fluency Hacking Method, la metodolog\u00eda de Fluency que hace que el aprendizaje de idiomas sea r\u00e1pido, pr\u00e1ctico y divertido.","robots":{"index":"index","follow":"follow","max-snippet":"max-snippet:-1","max-image-preview":"max-image-preview:large","max-video-preview":"max-video-preview:-1"},"canonical":"https:\/\/fluency.io\/es\/metodologia\/","og_locale":"es_ES","og_type":"article","og_title":"Metodolog\u00eda The Fluency Hacking Method","og_description":"Descubre el The Fluency Hacking Method, la metodolog\u00eda de Fluency que hace que el aprendizaje de idiomas sea r\u00e1pido, pr\u00e1ctico y divertido.","og_url":"https:\/\/fluency.io\/es\/metodologia\/","og_site_name":"Fluency.io Espanhol","article_modified_time":"2025-01-17T11:43:37+00:00","twitter_card":"summary_large_image","schema":{"@context":"https:\/\/schema.org","@graph":[{"@type":"WebPage","@id":"https:\/\/fluency.io\/es\/metodologia\/","url":"https:\/\/fluency.io\/es\/metodologia\/","name":"Metodolog\u00eda The Fluency Hacking Method","isPartOf":{"@id":"https:\/\/fluency.io\/es\/#website"},"datePublished":"2024-06-18T03:38:06+00:00","dateModified":"2025-01-17T11:43:37+00:00","description":"Descubre el The Fluency Hacking Method, la metodolog\u00eda de Fluency que hace que el aprendizaje de idiomas sea r\u00e1pido, pr\u00e1ctico y divertido.","breadcrumb":{"@id":"https:\/\/fluency.io\/es\/metodologia\/#breadcrumb"},"inLanguage":"es","potentialAction":[{"@type":"ReadAction","target":["https:\/\/fluency.io\/es\/metodologia\/"]}]},{"@type":"BreadcrumbList","@id":"https:\/\/fluency.io\/es\/metodologia\/#breadcrumb","itemListElement":[{"@type":"ListItem","position":1,"name":"Home","item":"https:\/\/homolog.fluency.io\/es\/"},{"@type":"ListItem","position":2,"name":"Metodolog\u00eda"}]},{"@type":"WebSite","@id":"https:\/\/fluency.io\/es\/#website","url":"https:\/\/fluency.io\/es\/","name":"Fluency.io Espanhol","description":"","potentialAction":[{"@type":"SearchAction","target":{"@type":"EntryPoint","urlTemplate":"https:\/\/fluency.io\/es\/?s={search_term_string}"},"query-input":{"@type":"PropertyValueSpecification","valueRequired":true,"valueName":"search_term_string"}}],"inLanguage":"es"}]}},"_links":{"self":[{"href":"https:\/\/homolog.fluency.io\/es\/wp-json\/wp\/v2\/pages\/52507","targetHints":{"allow":["GET"]}}],"collection":[{"href":"https:\/\/homolog.fluency.io\/es\/wp-json\/wp\/v2\/pages"}],"about":[{"href":"https:\/\/homolog.fluency.io\/es\/wp-json\/wp\/v2\/types\/page"}],"author":[{"embeddable":true,"href":"https:\/\/homolog.fluency.io\/es\/wp-json\/wp\/v2\/users\/5"}],"replies":[{"embeddable":true,"href":"https:\/\/homolog.fluency.io\/es\/wp-json\/wp\/v2\/comments?post=52507"}],"version-history":[{"count":3,"href":"https:\/\/homolog.fluency.io\/es\/wp-json\/wp\/v2\/pages\/52507\/revisions"}],"predecessor-version":[{"id":55865,"href":"https:\/\/homolog.fluency.io\/es\/wp-json\/wp\/v2\/pages\/52507\/revisions\/55865"}],"wp:attachment":[{"href":"https:\/\/homolog.fluency.io\/es\/wp-json\/wp\/v2\/media?parent=52507"}],"curies":[{"name":"wp","href":"https:\/\/api.w.org\/{rel}","templated":true}]}}