{"id":52704,"date":"2024-06-20T15:26:34","date_gmt":"2024-06-20T15:26:34","guid":{"rendered":"https:\/\/fluency.io\/es\/?page_id=52704"},"modified":"2025-01-17T11:55:55","modified_gmt":"2025-01-17T11:55:55","slug":"trabaje-con-nosotros","status":"publish","type":"page","link":"https:\/\/homolog.fluency.io\/es\/trabaje-con-nosotros\/","title":{"rendered":"Trabaje con Nosotros"},"content":{"rendered":"","protected":false},"excerpt":{"rendered":"","protected":false},"author":5,"featured_media":0,"parent":0,"menu_order":0,"comment_status":"closed","ping_status":"closed","template":"templates-latam\/template-trabalhe-conosco-latam.php","meta":{"inline_featured_image":false,"footnotes":""},"class_list":["post-52704","page","type-page","status-publish","hentry"],"acf":[],"yoast_head":"<!-- This site is optimized with the Yoast SEO plugin v26.6 - https:\/\/yoast.com\/wordpress\/plugins\/seo\/ -->\n<title>Trabaje con Nosotros | \u00danete a Fluency Academy<\/title>\n<meta name=\"description\" content=\"Forma parte de un equipo innovador y apasionado por la educaci\u00f3n. Descubre oportunidades \u00fanicas. \u00a1Post\u00falate hoy mismo!\" \/>\n<meta name=\"robots\" content=\"index, follow, max-snippet:-1, max-image-preview:large, max-video-preview:-1\" \/>\n<link rel=\"canonical\" href=\"https:\/\/fluency.io\/es\/trabaje-con-nosotros\/\" \/>\n<meta property=\"og:locale\" content=\"es_ES\" \/>\n<meta property=\"og:type\" content=\"article\" \/>\n<meta property=\"og:title\" content=\"Trabaje con Nosotros | \u00danete a Fluency Academy\" \/>\n<meta property=\"og:description\" content=\"Forma parte de un equipo innovador y apasionado por la educaci\u00f3n. Descubre oportunidades \u00fanicas. \u00a1Post\u00falate hoy mismo!\" \/>\n<meta property=\"og:url\" content=\"https:\/\/fluency.io\/es\/trabaje-con-nosotros\/\" \/>\n<meta property=\"og:site_name\" content=\"Fluency.io Espanhol\" \/>\n<meta property=\"article:modified_time\" content=\"2025-01-17T11:55:55+00:00\" \/>\n<meta name=\"twitter:card\" content=\"summary_large_image\" \/>\n<script type=\"application\/ld+json\" class=\"yoast-schema-graph\">{\"@context\":\"https:\/\/schema.org\",\"@graph\":[{\"@type\":\"WebPage\",\"@id\":\"https:\/\/fluency.io\/es\/trabaje-con-nosotros\/\",\"url\":\"https:\/\/fluency.io\/es\/trabaje-con-nosotros\/\",\"name\":\"Trabaje con Nosotros | \u00danete a Fluency Academy\",\"isPartOf\":{\"@id\":\"https:\/\/fluency.io\/es\/#website\"},\"datePublished\":\"2024-06-20T15:26:34+00:00\",\"dateModified\":\"2025-01-17T11:55:55+00:00\",\"description\":\"Forma parte de un equipo innovador y apasionado por la educaci\u00f3n. Descubre oportunidades \u00fanicas. \u00a1Post\u00falate hoy mismo!\",\"breadcrumb\":{\"@id\":\"https:\/\/fluency.io\/es\/trabaje-con-nosotros\/#breadcrumb\"},\"inLanguage\":\"es\",\"potentialAction\":[{\"@type\":\"ReadAction\",\"target\":[\"https:\/\/fluency.io\/es\/trabaje-con-nosotros\/\"]}]},{\"@type\":\"BreadcrumbList\",\"@id\":\"https:\/\/fluency.io\/es\/trabaje-con-nosotros\/#breadcrumb\",\"itemListElement\":[{\"@type\":\"ListItem\",\"position\":1,\"name\":\"Home\",\"item\":\"https:\/\/homolog.fluency.io\/es\/\"},{\"@type\":\"ListItem\",\"position\":2,\"name\":\"Trabaje con Nosotros\"}]},{\"@type\":\"WebSite\",\"@id\":\"https:\/\/fluency.io\/es\/#website\",\"url\":\"https:\/\/fluency.io\/es\/\",\"name\":\"Fluency.io Espanhol\",\"description\":\"\",\"potentialAction\":[{\"@type\":\"SearchAction\",\"target\":{\"@type\":\"EntryPoint\",\"urlTemplate\":\"https:\/\/fluency.io\/es\/?s={search_term_string}\"},\"query-input\":{\"@type\":\"PropertyValueSpecification\",\"valueRequired\":true,\"valueName\":\"search_term_string\"}}],\"inLanguage\":\"es\"}]}<\/script>\n<!-- \/ Yoast SEO plugin. -->","yoast_head_json":{"title":"Trabaje con Nosotros | \u00danete a Fluency Academy","description":"Forma parte de un equipo innovador y apasionado por la educaci\u00f3n. Descubre oportunidades \u00fanicas. \u00a1Post\u00falate hoy mismo!","robots":{"index":"index","follow":"follow","max-snippet":"max-snippet:-1","max-image-preview":"max-image-preview:large","max-video-preview":"max-video-preview:-1"},"canonical":"https:\/\/fluency.io\/es\/trabaje-con-nosotros\/","og_locale":"es_ES","og_type":"article","og_title":"Trabaje con Nosotros | \u00danete a Fluency Academy","og_description":"Forma parte de un equipo innovador y apasionado por la educaci\u00f3n. Descubre oportunidades \u00fanicas. \u00a1Post\u00falate hoy mismo!","og_url":"https:\/\/fluency.io\/es\/trabaje-con-nosotros\/","og_site_name":"Fluency.io Espanhol","article_modified_time":"2025-01-17T11:55:55+00:00","twitter_card":"summary_large_image","schema":{"@context":"https:\/\/schema.org","@graph":[{"@type":"WebPage","@id":"https:\/\/fluency.io\/es\/trabaje-con-nosotros\/","url":"https:\/\/fluency.io\/es\/trabaje-con-nosotros\/","name":"Trabaje con Nosotros | \u00danete a Fluency Academy","isPartOf":{"@id":"https:\/\/fluency.io\/es\/#website"},"datePublished":"2024-06-20T15:26:34+00:00","dateModified":"2025-01-17T11:55:55+00:00","description":"Forma parte de un equipo innovador y apasionado por la educaci\u00f3n. Descubre oportunidades \u00fanicas. \u00a1Post\u00falate hoy mismo!","breadcrumb":{"@id":"https:\/\/fluency.io\/es\/trabaje-con-nosotros\/#breadcrumb"},"inLanguage":"es","potentialAction":[{"@type":"ReadAction","target":["https:\/\/fluency.io\/es\/trabaje-con-nosotros\/"]}]},{"@type":"BreadcrumbList","@id":"https:\/\/fluency.io\/es\/trabaje-con-nosotros\/#breadcrumb","itemListElement":[{"@type":"ListItem","position":1,"name":"Home","item":"https:\/\/homolog.fluency.io\/es\/"},{"@type":"ListItem","position":2,"name":"Trabaje con Nosotros"}]},{"@type":"WebSite","@id":"https:\/\/fluency.io\/es\/#website","url":"https:\/\/fluency.io\/es\/","name":"Fluency.io Espanhol","description":"","potentialAction":[{"@type":"SearchAction","target":{"@type":"EntryPoint","urlTemplate":"https:\/\/fluency.io\/es\/?s={search_term_string}"},"query-input":{"@type":"PropertyValueSpecification","valueRequired":true,"valueName":"search_term_string"}}],"inLanguage":"es"}]}},"_links":{"self":[{"href":"https:\/\/homolog.fluency.io\/es\/wp-json\/wp\/v2\/pages\/52704","targetHints":{"allow":["GET"]}}],"collection":[{"href":"https:\/\/homolog.fluency.io\/es\/wp-json\/wp\/v2\/pages"}],"about":[{"href":"https:\/\/homolog.fluency.io\/es\/wp-json\/wp\/v2\/types\/page"}],"author":[{"embeddable":true,"href":"https:\/\/homolog.fluency.io\/es\/wp-json\/wp\/v2\/users\/5"}],"replies":[{"embeddable":true,"href":"https:\/\/homolog.fluency.io\/es\/wp-json\/wp\/v2\/comments?post=52704"}],"version-history":[{"count":1,"href":"https:\/\/homolog.fluency.io\/es\/wp-json\/wp\/v2\/pages\/52704\/revisions"}],"predecessor-version":[{"id":52705,"href":"https:\/\/homolog.fluency.io\/es\/wp-json\/wp\/v2\/pages\/52704\/revisions\/52705"}],"wp:attachment":[{"href":"https:\/\/homolog.fluency.io\/es\/wp-json\/wp\/v2\/media?parent=52704"}],"curies":[{"name":"wp","href":"https:\/\/api.w.org\/{rel}","templated":true}]}}